{"id":282,"date":"2025-06-05T16:51:40","date_gmt":"2025-06-05T16:51:40","guid":{"rendered":"https:\/\/alvar.cl\/?post_type=product&#038;p=282"},"modified":"2025-06-05T16:51:41","modified_gmt":"2025-06-05T16:51:41","slug":"tm3xtra1-modulo-de-expancion","status":"publish","type":"product","link":"https:\/\/alvar.cl\/?product=tm3xtra1-modulo-de-expancion","title":{"rendered":"TM3XTRA1 \/\/\/ MODULO DE EXPANCION"},"content":{"rendered":"<p>MODULO DE EXPANCION<\/p>\n<p>MODELO: <span data-sheets-root=\"1\">TM3XTRA1<\/span><\/p>\n<p>MARCA: SCHNEIDER<\/p>\n<p>DESCRIPCION: TRANSMISOR REMOTO: CONSUME 1 mA (STANDBY), 3 mA A 5 VCC (BUS), DISIPACI\u00d3N M\u00c1XIMA 0,6 W. CONEXI\u00d3N RJ45 PARA RECEPTOR DE BUS Y TERMINAL CON TORNILLO PARA ALIMENTACI\u00d3N.<\/p>\n","protected":false},"excerpt":{"rendered":"<p>MODULO DE EXPANCION<\/p>\n<p>MODELO: <span data-sheets-root=\"1\">TM3XTRA1<\/span><\/p>\n<p>MARCA: SCHNEIDER<\/p>\n<p>DESCRIPCION: TRANSMISOR REMOTO: CONSUME 1 mA (STANDBY), 3 mA A 5 VCC (BUS), DISIPACI\u00d3N M\u00c1XIMA 0,6 W. CONEXI\u00d3N RJ45 PARA RECEPTOR DE BUS Y TERMINAL CON TORNILLO PARA ALIMENTACI\u00d3N.<\/p>\n","protected":false},"featured_media":283,"comment_status":"closed","ping_status":"closed","template":"","meta":{"_et_pb_use_builder":"","_et_pb_old_content":"","_et_gb_content_width":""},"product_brand":[24],"product_cat":[25],"product_tag":[],"class_list":{"0":"post-282","1":"product","2":"type-product","3":"status-publish","4":"has-post-thumbnail","6":"product_brand-schneider","7":"product_cat-modulo","9":"first","10":"instock","11":"shipping-taxable","12":"product-type-simple"},"_links":{"self":[{"href":"https:\/\/alvar.cl\/index.php?rest_route=\/wp\/v2\/product\/282","targetHints":{"allow":["GET"]}}],"collection":[{"href":"https:\/\/alvar.cl\/index.php?rest_route=\/wp\/v2\/product"}],"about":[{"href":"https:\/\/alvar.cl\/index.php?rest_route=\/wp\/v2\/types\/product"}],"replies":[{"embeddable":true,"href":"https:\/\/alvar.cl\/index.php?rest_route=%2Fwp%2Fv2%2Fcomments&post=282"}],"wp:featuredmedia":[{"embeddable":true,"href":"https:\/\/alvar.cl\/index.php?rest_route=\/wp\/v2\/media\/283"}],"wp:attachment":[{"href":"https:\/\/alvar.cl\/index.php?rest_route=%2Fwp%2Fv2%2Fmedia&parent=282"}],"wp:term":[{"taxonomy":"product_brand","embeddable":true,"href":"https:\/\/alvar.cl\/index.php?rest_route=%2Fwp%2Fv2%2Fproduct_brand&post=282"},{"taxonomy":"product_cat","embeddable":true,"href":"https:\/\/alvar.cl\/index.php?rest_route=%2Fwp%2Fv2%2Fproduct_cat&post=282"},{"taxonomy":"product_tag","embeddable":true,"href":"https:\/\/alvar.cl\/index.php?rest_route=%2Fwp%2Fv2%2Fproduct_tag&post=282"}],"curies":[{"name":"wp","href":"https:\/\/api.w.org\/{rel}","templated":true}]}}