{"id":524,"date":"2026-02-18T20:38:46","date_gmt":"2026-02-18T20:38:46","guid":{"rendered":"https:\/\/alvar.cl\/?post_type=product&#038;p=524"},"modified":"2026-02-18T20:38:46","modified_gmt":"2026-02-18T20:38:46","slug":"cable-de-actuador-yf2a15-100vb5xleax","status":"publish","type":"product","link":"https:\/\/alvar.cl\/?product=cable-de-actuador-yf2a15-100vb5xleax","title":{"rendered":"Cable de actuador \/ YF2A15-100VB5XLEAX"},"content":{"rendered":"<ul>\n<li data-start=\"253\" data-end=\"362\">\n<p data-start=\"255\" data-end=\"362\"><strong data-start=\"255\" data-end=\"276\">Tipo de producto:<\/strong> cable para conexi\u00f3n de sensores y actuadores.<\/p>\n<\/li>\n<li data-start=\"363\" data-end=\"424\">\n<p data-start=\"365\" data-end=\"424\"><strong data-start=\"365\" data-end=\"378\">Longitud:<\/strong> 10 m.<\/p>\n<\/li>\n<li data-start=\"425\" data-end=\"563\">\n<p data-start=\"427\" data-end=\"563\"><strong data-start=\"427\" data-end=\"442\">Conector A:<\/strong> enchufe M12 hembra de 5 pines, codificaci\u00f3n tipo A (est\u00e1ndar en automatizaci\u00f3n).<\/p>\n<\/li>\n<li data-start=\"564\" data-end=\"702\">\n<p data-start=\"566\" data-end=\"702\"><strong data-start=\"566\" data-end=\"581\">Conector B:<\/strong> extremos de cable sin terminar (para poder empalmar o conectar seg\u00fan necesidad).<\/p>\n<\/li>\n<li data-start=\"703\" data-end=\"795\">\n<p data-start=\"705\" data-end=\"795\"><strong data-start=\"705\" data-end=\"715\">Cable:<\/strong> 5 hilos, chaqueta de PVC de color gris.<\/p>\n<\/li>\n<li data-start=\"796\" data-end=\"932\">\n<p data-start=\"798\" data-end=\"932\"><strong data-start=\"798\" data-end=\"806\">Uso:<\/strong> transmite se\u00f1ales el\u00e9ctricas entre sensores\/actuadores y controladores en maquinaria.<\/p>\n<\/li>\n<li data-start=\"933\" data-end=\"1110\">\n<p data-start=\"935\" data-end=\"1110\"><strong data-start=\"935\" data-end=\"948\">Ambiente:<\/strong> adecuado para entornos industriales, incluso zonas con presencia de qu\u00edmicos y humedad (grado de protecci\u00f3n IP65 o IP67).<\/p>\n<\/li>\n<li data-start=\"1111\" data-end=\"1196\">\n<p data-start=\"1113\" data-end=\"1196\"><strong data-start=\"1113\" data-end=\"1137\">Corriente y voltaje:<\/strong> hasta ~4 A y ~125 V.<\/p>\n<\/li>\n<\/ul>\n","protected":false},"excerpt":{"rendered":"<p>Tipo de producto: cable para conexi\u00f3n de sensores y actuadores. Longitud: 10 m. Conector A: enchufe M12 hembra de 5 pines, codificaci\u00f3n tipo A (est\u00e1ndar en automatizaci\u00f3n). Conector B: extremos de cable sin terminar (para poder empalmar o conectar seg\u00fan necesidad). Cable: 5 hilos, chaqueta de PVC de color gris. Uso: transmite se\u00f1ales el\u00e9ctricas entre [&hellip;]<\/p>\n","protected":false},"featured_media":525,"comment_status":"closed","ping_status":"closed","template":"","meta":{"_et_pb_use_builder":"","_et_pb_old_content":"","_et_gb_content_width":""},"product_brand":[19],"product_cat":[21],"product_tag":[],"class_list":{"0":"post-524","1":"product","2":"type-product","3":"status-publish","4":"has-post-thumbnail","6":"product_brand-sick","7":"product_cat-cable","9":"first","10":"instock","11":"shipping-taxable","12":"product-type-simple"},"_links":{"self":[{"href":"https:\/\/alvar.cl\/index.php?rest_route=\/wp\/v2\/product\/524","targetHints":{"allow":["GET"]}}],"collection":[{"href":"https:\/\/alvar.cl\/index.php?rest_route=\/wp\/v2\/product"}],"about":[{"href":"https:\/\/alvar.cl\/index.php?rest_route=\/wp\/v2\/types\/product"}],"replies":[{"embeddable":true,"href":"https:\/\/alvar.cl\/index.php?rest_route=%2Fwp%2Fv2%2Fcomments&post=524"}],"wp:featuredmedia":[{"embeddable":true,"href":"https:\/\/alvar.cl\/index.php?rest_route=\/wp\/v2\/media\/525"}],"wp:attachment":[{"href":"https:\/\/alvar.cl\/index.php?rest_route=%2Fwp%2Fv2%2Fmedia&parent=524"}],"wp:term":[{"taxonomy":"product_brand","embeddable":true,"href":"https:\/\/alvar.cl\/index.php?rest_route=%2Fwp%2Fv2%2Fproduct_brand&post=524"},{"taxonomy":"product_cat","embeddable":true,"href":"https:\/\/alvar.cl\/index.php?rest_route=%2Fwp%2Fv2%2Fproduct_cat&post=524"},{"taxonomy":"product_tag","embeddable":true,"href":"https:\/\/alvar.cl\/index.php?rest_route=%2Fwp%2Fv2%2Fproduct_tag&post=524"}],"curies":[{"name":"wp","href":"https:\/\/api.w.org\/{rel}","templated":true}]}}