{"id":532,"date":"2026-02-18T21:04:13","date_gmt":"2026-02-18T21:04:13","guid":{"rendered":"https:\/\/alvar.cl\/?post_type=product&#038;p=532"},"modified":"2026-02-18T21:06:48","modified_gmt":"2026-02-18T21:06:48","slug":"cable-de-conexion-yg2a15-100vb5xleax","status":"publish","type":"product","link":"https:\/\/alvar.cl\/?product=cable-de-conexion-yg2a15-100vb5xleax","title":{"rendered":"Cable de conexi\u00f3n \/ YG2A15-100VB5XLEAX"},"content":{"rendered":"<ul>\n<li data-start=\"232\" data-end=\"349\">\n<p data-start=\"234\" data-end=\"349\"><strong data-start=\"234\" data-end=\"255\">Tipo de producto:<\/strong> cable sensor-actuador para aplicaciones industriales.<\/p>\n<\/li>\n<li data-start=\"350\" data-end=\"531\">\n<p data-start=\"352\" data-end=\"531\"><strong data-start=\"352\" data-end=\"367\">Conector A:<\/strong> conector <strong data-start=\"377\" data-end=\"402\">M12 hembra de 5 pines<\/strong>, \u00e1ngulo recto y codificaci\u00f3n tipo <strong data-start=\"437\" data-end=\"442\">A<\/strong>, est\u00e1ndar para se\u00f1ales de sensores y actuadores.<\/p>\n<\/li>\n<li data-start=\"532\" data-end=\"717\">\n<p data-start=\"534\" data-end=\"717\"><strong data-start=\"534\" data-end=\"549\">Conector B:<\/strong> <strong data-start=\"550\" data-end=\"566\">hilos libres<\/strong> (extremo de cable sin terminaci\u00f3n), para poder conectarlo a otros equipos o realizar empalmes seg\u00fan necesidad.<\/p>\n<\/li>\n<li data-start=\"718\" data-end=\"841\">\n<p data-start=\"720\" data-end=\"841\"><strong data-start=\"720\" data-end=\"733\">Longitud:<\/strong> <strong data-start=\"734\" data-end=\"742\">10 m<\/strong>, lo que permite conexiones a distancia entre dispositivos.<\/p>\n<\/li>\n<li data-start=\"842\" data-end=\"975\">\n<p data-start=\"844\" data-end=\"975\"><strong data-start=\"844\" data-end=\"854\">Cable:<\/strong> 5 conductores con cubierta de <strong data-start=\"885\" data-end=\"897\">PVC gris<\/strong>, di\u00e1metro de ~5,2 mm, sin apantallar.<\/p>\n<\/li>\n<li data-start=\"976\" data-end=\"1131\">\n<p data-start=\"978\" data-end=\"1131\"><strong data-start=\"978\" data-end=\"986\">Uso:<\/strong> transmite se\u00f1ales el\u00e9ctricas para sensores, interruptores o actuadores dentro de sistemas automatizados.<\/p>\n<\/li>\n<li data-start=\"1132\" data-end=\"1258\">\n<p data-start=\"1134\" data-end=\"1258\"><strong data-start=\"1134\" data-end=\"1158\">Voltaje y corriente:<\/strong> puede manejar t\u00edpicamente hasta unos <strong data-start=\"1196\" data-end=\"1217\">125 V AC\/DC y 4 A<\/strong>.<\/p>\n<\/li>\n<li data-start=\"1259\" data-end=\"1409\">\n<p data-start=\"1261\" data-end=\"1409\"><strong data-start=\"1261\" data-end=\"1273\">Entorno:<\/strong> adecuado para zonas industriales, tambi\u00e9n en entornos con presencia de qu\u00edmicos seg\u00fan aplicaci\u00f3n.<\/p>\n<\/li>\n<\/ul>\n","protected":false},"excerpt":{"rendered":"<ul>\n<li data-start=\"232\" data-end=\"349\">\n<p data-start=\"234\" data-end=\"349\"><strong data-start=\"234\" data-end=\"255\">Tipo de producto:<\/strong> cable sensor-actuador para aplicaciones industriales.<\/p>\n<\/li>\n<li data-start=\"350\" data-end=\"531\">\n<p data-start=\"352\" data-end=\"531\"><strong data-start=\"352\" data-end=\"367\">Conector A:<\/strong> conector <strong data-start=\"377\" data-end=\"402\">M12 hembra de 5 pines<\/strong>, \u00e1ngulo recto y codificaci\u00f3n tipo <strong data-start=\"437\" data-end=\"442\">A<\/strong>, est\u00e1ndar para se\u00f1ales de sensores y actuadores.<\/p>\n<\/li>\n<li data-start=\"532\" data-end=\"717\">\n<p data-start=\"534\" data-end=\"717\"><strong data-start=\"534\" data-end=\"549\">Conector B:<\/strong> <strong data-start=\"550\" data-end=\"566\">hilos libres<\/strong> (extremo de cable sin terminaci\u00f3n), para poder conectarlo a otros equipos o realizar empalmes seg\u00fan necesidad.<\/p>\n<\/li>\n<li data-start=\"718\" data-end=\"841\">\n<p data-start=\"720\" data-end=\"841\"><strong data-start=\"720\" data-end=\"733\">Longitud:<\/strong> <strong data-start=\"734\" data-end=\"742\">10 m<\/strong>, lo que permite conexiones a distancia entre dispositivos.<\/p>\n<\/li>\n<li data-start=\"842\" data-end=\"975\">\n<p data-start=\"844\" data-end=\"975\"><strong data-start=\"844\" data-end=\"854\">Cable:<\/strong> 5 conductores con cubierta de <strong data-start=\"885\" data-end=\"897\">PVC gris<\/strong>, di\u00e1metro de ~5,2 mm, sin apantallar.<\/p>\n<\/li>\n<li data-start=\"976\" data-end=\"1131\">\n<p data-start=\"978\" data-end=\"1131\"><strong data-start=\"978\" data-end=\"986\">Uso:<\/strong> transmite se\u00f1ales el\u00e9ctricas para sensores, interruptores o actuadores dentro de sistemas automatizados.<\/p>\n<\/li>\n<li data-start=\"1132\" data-end=\"1258\">\n<p data-start=\"1134\" data-end=\"1258\"><strong data-start=\"1134\" data-end=\"1158\">Voltaje y corriente:<\/strong> puede manejar t\u00edpicamente hasta unos <strong data-start=\"1196\" data-end=\"1217\">125 V AC\/DC y 4 A<\/strong>.<\/p>\n<\/li>\n<li data-start=\"1259\" data-end=\"1409\">\n<p data-start=\"1261\" data-end=\"1409\"><strong data-start=\"1261\" data-end=\"1273\">Entorno:<\/strong> adecuado para zonas industriales, tambi\u00e9n en entornos con presencia de qu\u00edmicos seg\u00fan aplicaci\u00f3n.<\/p>\n<\/li>\n<\/ul>\n","protected":false},"featured_media":0,"comment_status":"closed","ping_status":"closed","template":"","meta":{"_et_pb_use_builder":"","_et_pb_old_content":"","_et_gb_content_width":""},"product_brand":[19],"product_cat":[21],"product_tag":[],"class_list":{"0":"post-532","1":"product","2":"type-product","3":"status-publish","5":"product_brand-sick","6":"product_cat-cable","8":"first","9":"instock","10":"shipping-taxable","11":"product-type-simple"},"_links":{"self":[{"href":"https:\/\/alvar.cl\/index.php?rest_route=\/wp\/v2\/product\/532","targetHints":{"allow":["GET"]}}],"collection":[{"href":"https:\/\/alvar.cl\/index.php?rest_route=\/wp\/v2\/product"}],"about":[{"href":"https:\/\/alvar.cl\/index.php?rest_route=\/wp\/v2\/types\/product"}],"replies":[{"embeddable":true,"href":"https:\/\/alvar.cl\/index.php?rest_route=%2Fwp%2Fv2%2Fcomments&post=532"}],"wp:attachment":[{"href":"https:\/\/alvar.cl\/index.php?rest_route=%2Fwp%2Fv2%2Fmedia&parent=532"}],"wp:term":[{"taxonomy":"product_brand","embeddable":true,"href":"https:\/\/alvar.cl\/index.php?rest_route=%2Fwp%2Fv2%2Fproduct_brand&post=532"},{"taxonomy":"product_cat","embeddable":true,"href":"https:\/\/alvar.cl\/index.php?rest_route=%2Fwp%2Fv2%2Fproduct_cat&post=532"},{"taxonomy":"product_tag","embeddable":true,"href":"https:\/\/alvar.cl\/index.php?rest_route=%2Fwp%2Fv2%2Fproduct_tag&post=532"}],"curies":[{"name":"wp","href":"https:\/\/api.w.org\/{rel}","templated":true}]}}