{"id":536,"date":"2026-02-24T14:30:55","date_gmt":"2026-02-24T14:30:55","guid":{"rendered":"https:\/\/alvar.cl\/?post_type=product&#038;p=536"},"modified":"2026-02-24T14:30:56","modified_gmt":"2026-02-24T14:30:56","slug":"clv630-0000-escaner-de-codigo-de-barras-fijo","status":"publish","type":"product","link":"https:\/\/alvar.cl\/?product=clv630-0000-escaner-de-codigo-de-barras-fijo","title":{"rendered":"CLV630-0000, Esc\u00e1ner de c\u00f3digo de barras fijo"},"content":{"rendered":"<p>CLV630-0000, Esc\u00e1ner de c\u00f3digo de barras fijo<br \/>\nLector de c\u00f3digos de barras, Tipo de<br \/>\nconexi\u00f3n: 1 x Conector macho D-Sub HD de 15<br \/>\npolos (0,9 m) , distancia de lectura<br \/>\n60&#8230;735 mm, Alim. 18&#8230;30VDC, Resoluci\u00f3n de<br \/>\ncodigo: 0,35 mm &#8230; 1 mm , diodo l\u00e1ser,<br \/>\nfrecuencia de escanneo 400&#8230;1200 Hz ,<br \/>\ninterface de datos: PROFINET, EtherCAT\u00ae ,<br \/>\nRS-232, RS-422, RS-485 , CAN, CANopen,<br \/>\nPROFIBUS DP, DeviceNetTM, y CAN, 4 entradas y<br \/>\n4 salidas de aviso.<\/p>\n","protected":false},"excerpt":{"rendered":"<p>CLV630-0000, Esc\u00e1ner de c\u00f3digo de barras fijo Lector de c\u00f3digos de barras, Tipo de conexi\u00f3n: 1 x Conector macho D-Sub HD de 15 polos (0,9 m) , distancia de lectura 60&#8230;735 mm, Alim. 18&#8230;30VDC, Resoluci\u00f3n de codigo: 0,35 mm &#8230; 1 mm , diodo l\u00e1ser, frecuencia de escanneo 400&#8230;1200 Hz , interface de datos: PROFINET, [&hellip;]<\/p>\n","protected":false},"featured_media":537,"comment_status":"closed","ping_status":"closed","template":"","meta":{"_et_pb_use_builder":"","_et_pb_old_content":"","_et_gb_content_width":""},"product_brand":[19],"product_cat":[28],"product_tag":[],"class_list":{"0":"post-536","1":"product","2":"type-product","3":"status-publish","4":"has-post-thumbnail","6":"product_brand-sick","7":"product_cat-escaner","9":"first","10":"instock","11":"shipping-taxable","12":"product-type-simple"},"_links":{"self":[{"href":"https:\/\/alvar.cl\/index.php?rest_route=\/wp\/v2\/product\/536","targetHints":{"allow":["GET"]}}],"collection":[{"href":"https:\/\/alvar.cl\/index.php?rest_route=\/wp\/v2\/product"}],"about":[{"href":"https:\/\/alvar.cl\/index.php?rest_route=\/wp\/v2\/types\/product"}],"replies":[{"embeddable":true,"href":"https:\/\/alvar.cl\/index.php?rest_route=%2Fwp%2Fv2%2Fcomments&post=536"}],"wp:featuredmedia":[{"embeddable":true,"href":"https:\/\/alvar.cl\/index.php?rest_route=\/wp\/v2\/media\/537"}],"wp:attachment":[{"href":"https:\/\/alvar.cl\/index.php?rest_route=%2Fwp%2Fv2%2Fmedia&parent=536"}],"wp:term":[{"taxonomy":"product_brand","embeddable":true,"href":"https:\/\/alvar.cl\/index.php?rest_route=%2Fwp%2Fv2%2Fproduct_brand&post=536"},{"taxonomy":"product_cat","embeddable":true,"href":"https:\/\/alvar.cl\/index.php?rest_route=%2Fwp%2Fv2%2Fproduct_cat&post=536"},{"taxonomy":"product_tag","embeddable":true,"href":"https:\/\/alvar.cl\/index.php?rest_route=%2Fwp%2Fv2%2Fproduct_tag&post=536"}],"curies":[{"name":"wp","href":"https:\/\/api.w.org\/{rel}","templated":true}]}}