{"id":540,"date":"2026-02-24T14:36:29","date_gmt":"2026-02-24T14:36:29","guid":{"rendered":"https:\/\/alvar.cl\/?post_type=product&#038;p=540"},"modified":"2026-02-24T14:38:09","modified_gmt":"2026-02-24T14:38:09","slug":"flexi-classic-ue410-mu3t50","status":"publish","type":"product","link":"https:\/\/alvar.cl\/?product=flexi-classic-ue410-mu3t50","title":{"rendered":"Flexi Classic UE410-MU3T50"},"content":{"rendered":"<p>El\u00a0SICK UE410-MU3T50 (6026137) es un m\u00f3dulo principal de controlador de seguridad modular Flexi Classic de SICK, dise\u00f1ado para aplicaciones industriales. Cuenta con 4 entradas de seguridad, 4 entradas de conmutaci\u00f3n, 4 salidas de seguridad, 2 salidas de prueba, 2 sensores de muting y configuraci\u00f3n v\u00eda interruptor giratorio (rotary switch).<\/p>\n","protected":false},"excerpt":{"rendered":"<p>El\u00a0SICK UE410-MU3T50 (6026137) es un m\u00f3dulo principal de controlador de seguridad modular Flexi Classic de SICK, dise\u00f1ado para aplicaciones industriales. Cuenta con 4 entradas de seguridad, 4 entradas de conmutaci\u00f3n, 4 salidas de seguridad, 2 salidas de prueba, 2 sensores de muting y configuraci\u00f3n v\u00eda interruptor giratorio (rotary switch).<\/p>\n","protected":false},"featured_media":542,"comment_status":"closed","ping_status":"closed","template":"","meta":{"_et_pb_use_builder":"","_et_pb_old_content":"","_et_gb_content_width":""},"product_brand":[19],"product_cat":[25],"product_tag":[],"class_list":{"0":"post-540","1":"product","2":"type-product","3":"status-publish","4":"has-post-thumbnail","6":"product_brand-sick","7":"product_cat-modulo","9":"first","10":"instock","11":"shipping-taxable","12":"product-type-simple"},"_links":{"self":[{"href":"https:\/\/alvar.cl\/index.php?rest_route=\/wp\/v2\/product\/540","targetHints":{"allow":["GET"]}}],"collection":[{"href":"https:\/\/alvar.cl\/index.php?rest_route=\/wp\/v2\/product"}],"about":[{"href":"https:\/\/alvar.cl\/index.php?rest_route=\/wp\/v2\/types\/product"}],"replies":[{"embeddable":true,"href":"https:\/\/alvar.cl\/index.php?rest_route=%2Fwp%2Fv2%2Fcomments&post=540"}],"wp:featuredmedia":[{"embeddable":true,"href":"https:\/\/alvar.cl\/index.php?rest_route=\/wp\/v2\/media\/542"}],"wp:attachment":[{"href":"https:\/\/alvar.cl\/index.php?rest_route=%2Fwp%2Fv2%2Fmedia&parent=540"}],"wp:term":[{"taxonomy":"product_brand","embeddable":true,"href":"https:\/\/alvar.cl\/index.php?rest_route=%2Fwp%2Fv2%2Fproduct_brand&post=540"},{"taxonomy":"product_cat","embeddable":true,"href":"https:\/\/alvar.cl\/index.php?rest_route=%2Fwp%2Fv2%2Fproduct_cat&post=540"},{"taxonomy":"product_tag","embeddable":true,"href":"https:\/\/alvar.cl\/index.php?rest_route=%2Fwp%2Fv2%2Fproduct_tag&post=540"}],"curies":[{"name":"wp","href":"https:\/\/api.w.org\/{rel}","templated":true}]}}