{"id":543,"date":"2026-02-24T14:39:51","date_gmt":"2026-02-24T14:39:51","guid":{"rendered":"https:\/\/alvar.cl\/?post_type=product&#038;p=543"},"modified":"2026-02-24T14:39:51","modified_gmt":"2026-02-24T14:39:51","slug":"dfs60b-bhpa10000-mts-encoders-incrementales","status":"publish","type":"product","link":"https:\/\/alvar.cl\/?product=dfs60b-bhpa10000-mts-encoders-incrementales","title":{"rendered":"DFS60B-BHPA10000 (MTS) Encoders incrementales"},"content":{"rendered":"<p>Encoders incrementales<br \/>\nEncoder incremental con pulsos programables<br \/>\ndesde 1 hasta 10.000 ppr, alim. 4,5&#8230;32 VDC,<br \/>\n2 salidas desfasadas y aviso de giro<br \/>\nprogramables TTL\/HTL, eje hueco 15 mm.<br \/>\nConexi\u00f3n mediante conector M23, 12 polos<br \/>\nradial. Housing met\u00e1lico IP67, Temperatura de<br \/>\noperaci\u00f3n: -30&#8230;+100oC.<\/p>\n","protected":false},"excerpt":{"rendered":"<p>Encoders incrementales Encoder incremental con pulsos programables desde 1 hasta 10.000 ppr, alim. 4,5&#8230;32 VDC, 2 salidas desfasadas y aviso de giro programables TTL\/HTL, eje hueco 15 mm. Conexi\u00f3n mediante conector M23, 12 polos radial. Housing met\u00e1lico IP67, Temperatura de operaci\u00f3n: -30&#8230;+100oC.<\/p>\n","protected":false},"featured_media":544,"comment_status":"closed","ping_status":"closed","template":"","meta":{"_et_pb_use_builder":"","_et_pb_old_content":"","_et_gb_content_width":""},"product_brand":[19],"product_cat":[23],"product_tag":[],"class_list":{"0":"post-543","1":"product","2":"type-product","3":"status-publish","4":"has-post-thumbnail","6":"product_brand-sick","7":"product_cat-encoder","9":"first","10":"instock","11":"shipping-taxable","12":"product-type-simple"},"_links":{"self":[{"href":"https:\/\/alvar.cl\/index.php?rest_route=\/wp\/v2\/product\/543","targetHints":{"allow":["GET"]}}],"collection":[{"href":"https:\/\/alvar.cl\/index.php?rest_route=\/wp\/v2\/product"}],"about":[{"href":"https:\/\/alvar.cl\/index.php?rest_route=\/wp\/v2\/types\/product"}],"replies":[{"embeddable":true,"href":"https:\/\/alvar.cl\/index.php?rest_route=%2Fwp%2Fv2%2Fcomments&post=543"}],"wp:featuredmedia":[{"embeddable":true,"href":"https:\/\/alvar.cl\/index.php?rest_route=\/wp\/v2\/media\/544"}],"wp:attachment":[{"href":"https:\/\/alvar.cl\/index.php?rest_route=%2Fwp%2Fv2%2Fmedia&parent=543"}],"wp:term":[{"taxonomy":"product_brand","embeddable":true,"href":"https:\/\/alvar.cl\/index.php?rest_route=%2Fwp%2Fv2%2Fproduct_brand&post=543"},{"taxonomy":"product_cat","embeddable":true,"href":"https:\/\/alvar.cl\/index.php?rest_route=%2Fwp%2Fv2%2Fproduct_cat&post=543"},{"taxonomy":"product_tag","embeddable":true,"href":"https:\/\/alvar.cl\/index.php?rest_route=%2Fwp%2Fv2%2Fproduct_tag&post=543"}],"curies":[{"name":"wp","href":"https:\/\/api.w.org\/{rel}","templated":true}]}}