{"id":555,"date":"2026-02-24T14:53:27","date_gmt":"2026-02-24T14:53:27","guid":{"rendered":"https:\/\/alvar.cl\/?post_type=product&#038;p=555"},"modified":"2026-02-24T14:53:27","modified_gmt":"2026-02-24T14:53:27","slug":"dol-2312-g1m5ma3-sensor-actuador","status":"publish","type":"product","link":"https:\/\/alvar.cl\/?product=dol-2312-g1m5ma3-sensor-actuador","title":{"rendered":"DOL-2312-G1M5MA3 Sensor-Actuador"},"content":{"rendered":"<p>Tipo de conexi\u00f3n cabezal A :Conector hembra, M23, 12 polos, recto<br \/>\nTipo de conexi\u00f3n cabezal B :Extremo de cable abierto<br \/>\nMaterial de la tuerca de bloqueo :Presofusi\u00f3n<br \/>\nCable 1,5 m, De 12 hilos, PUR sin hal\u00f3genos<br \/>\nMaterial de la envoltura : PUR sin hal\u00f3genos<\/p>\n","protected":false},"excerpt":{"rendered":"<p>Tipo de conexi\u00f3n cabezal A :Conector hembra, M23, 12 polos, recto Tipo de conexi\u00f3n cabezal B :Extremo de cable abierto Material de la tuerca de bloqueo :Presofusi\u00f3n Cable 1,5 m, De 12 hilos, PUR sin hal\u00f3genos Material de la envoltura : PUR sin hal\u00f3genos<\/p>\n","protected":false},"featured_media":556,"comment_status":"closed","ping_status":"closed","template":"","meta":{"_et_pb_use_builder":"","_et_pb_old_content":"","_et_gb_content_width":""},"product_brand":[19],"product_cat":[20],"product_tag":[],"class_list":{"0":"post-555","1":"product","2":"type-product","3":"status-publish","4":"has-post-thumbnail","6":"product_brand-sick","7":"product_cat-sensor","9":"first","10":"instock","11":"shipping-taxable","12":"product-type-simple"},"_links":{"self":[{"href":"https:\/\/alvar.cl\/index.php?rest_route=\/wp\/v2\/product\/555","targetHints":{"allow":["GET"]}}],"collection":[{"href":"https:\/\/alvar.cl\/index.php?rest_route=\/wp\/v2\/product"}],"about":[{"href":"https:\/\/alvar.cl\/index.php?rest_route=\/wp\/v2\/types\/product"}],"replies":[{"embeddable":true,"href":"https:\/\/alvar.cl\/index.php?rest_route=%2Fwp%2Fv2%2Fcomments&post=555"}],"wp:featuredmedia":[{"embeddable":true,"href":"https:\/\/alvar.cl\/index.php?rest_route=\/wp\/v2\/media\/556"}],"wp:attachment":[{"href":"https:\/\/alvar.cl\/index.php?rest_route=%2Fwp%2Fv2%2Fmedia&parent=555"}],"wp:term":[{"taxonomy":"product_brand","embeddable":true,"href":"https:\/\/alvar.cl\/index.php?rest_route=%2Fwp%2Fv2%2Fproduct_brand&post=555"},{"taxonomy":"product_cat","embeddable":true,"href":"https:\/\/alvar.cl\/index.php?rest_route=%2Fwp%2Fv2%2Fproduct_cat&post=555"},{"taxonomy":"product_tag","embeddable":true,"href":"https:\/\/alvar.cl\/index.php?rest_route=%2Fwp%2Fv2%2Fproduct_tag&post=555"}],"curies":[{"name":"wp","href":"https:\/\/api.w.org\/{rel}","templated":true}]}}