{"id":557,"date":"2026-02-24T14:56:23","date_gmt":"2026-02-24T14:56:23","guid":{"rendered":"https:\/\/alvar.cl\/?post_type=product&#038;p=557"},"modified":"2026-02-24T14:57:12","modified_gmt":"2026-02-24T14:57:12","slug":"dt35-b15551-mts-sensores-de-distancia-laser","status":"publish","type":"product","link":"https:\/\/alvar.cl\/?product=dt35-b15551-mts-sensores-de-distancia-laser","title":{"rendered":"DT35-B15551 (MTS), sensores de distancia l\u00e1ser"},"content":{"rendered":"<p>sensores de distancia l\u00e1ser<br \/>\nDistanci\u00f3metro L\u00e1ser, alcance 0,05..12 mts,<br \/>\nresoluci\u00f3n 12 bit(analogica), precisi\u00f3n \u00b1 10<br \/>\nmm, salida 0(4)&#8230;20mA y 0&#8230;10 V + 1PNP\/NPN,<br \/>\nalimentaci\u00f3n 12..30VDC, housing IP67,<br \/>\ntemperatura operaci\u00f3n -30&#8230;+55 \u00b0C, conexi\u00f3n<br \/>\na conector M12, 5 polos.<\/p>\n","protected":false},"excerpt":{"rendered":"<p>sensores de distancia l\u00e1ser Distanci\u00f3metro L\u00e1ser, alcance 0,05..12 mts, resoluci\u00f3n 12 bit(analogica), precisi\u00f3n \u00b1 10 mm, salida 0(4)&#8230;20mA y 0&#8230;10 V + 1PNP\/NPN, alimentaci\u00f3n 12..30VDC, housing IP67, temperatura operaci\u00f3n -30&#8230;+55 \u00b0C, conexi\u00f3n a conector M12, 5 polos.<\/p>\n","protected":false},"featured_media":558,"comment_status":"closed","ping_status":"closed","template":"","meta":{"_et_pb_use_builder":"","_et_pb_old_content":"","_et_gb_content_width":""},"product_brand":[19],"product_cat":[20],"product_tag":[],"class_list":{"0":"post-557","1":"product","2":"type-product","3":"status-publish","4":"has-post-thumbnail","6":"product_brand-sick","7":"product_cat-sensor","9":"first","10":"instock","11":"shipping-taxable","12":"product-type-simple"},"_links":{"self":[{"href":"https:\/\/alvar.cl\/index.php?rest_route=\/wp\/v2\/product\/557","targetHints":{"allow":["GET"]}}],"collection":[{"href":"https:\/\/alvar.cl\/index.php?rest_route=\/wp\/v2\/product"}],"about":[{"href":"https:\/\/alvar.cl\/index.php?rest_route=\/wp\/v2\/types\/product"}],"replies":[{"embeddable":true,"href":"https:\/\/alvar.cl\/index.php?rest_route=%2Fwp%2Fv2%2Fcomments&post=557"}],"wp:featuredmedia":[{"embeddable":true,"href":"https:\/\/alvar.cl\/index.php?rest_route=\/wp\/v2\/media\/558"}],"wp:attachment":[{"href":"https:\/\/alvar.cl\/index.php?rest_route=%2Fwp%2Fv2%2Fmedia&parent=557"}],"wp:term":[{"taxonomy":"product_brand","embeddable":true,"href":"https:\/\/alvar.cl\/index.php?rest_route=%2Fwp%2Fv2%2Fproduct_brand&post=557"},{"taxonomy":"product_cat","embeddable":true,"href":"https:\/\/alvar.cl\/index.php?rest_route=%2Fwp%2Fv2%2Fproduct_cat&post=557"},{"taxonomy":"product_tag","embeddable":true,"href":"https:\/\/alvar.cl\/index.php?rest_route=%2Fwp%2Fv2%2Fproduct_tag&post=557"}],"curies":[{"name":"wp","href":"https:\/\/api.w.org\/{rel}","templated":true}]}}