{"id":563,"date":"2026-02-24T15:04:13","date_gmt":"2026-02-24T15:04:13","guid":{"rendered":"https:\/\/alvar.cl\/?post_type=product&#038;p=563"},"modified":"2026-02-24T15:04:14","modified_gmt":"2026-02-24T15:04:14","slug":"im12-04nas-zu0-sensor-inductivo","status":"publish","type":"product","link":"https:\/\/alvar.cl\/?product=im12-04nas-zu0-sensor-inductivo","title":{"rendered":"IM12-04NAS-ZU0 \/ Sensor Inductivo"},"content":{"rendered":"<p>Ejecuci\u00f3n M\u00e9trico<br \/>\nForma de la carcasa Est\u00e1ndar ultracorta<br \/>\nTama\u00f1o de rosca M12 x 1<br \/>\nDi\u00e1metro \u00d8 12 mm<br \/>\nAlcance de detecci\u00f3n S n 4 mil\u00edmetros<br \/>\nDistancia de conmutaci\u00f3n asegurada S a 3,24 mil\u00edmetros<\/p>\n","protected":false},"excerpt":{"rendered":"<p>Ejecuci\u00f3n M\u00e9trico Forma de la carcasa Est\u00e1ndar ultracorta Tama\u00f1o de rosca M12 x 1 Di\u00e1metro \u00d8 12 mm Alcance de detecci\u00f3n S n 4 mil\u00edmetros Distancia de conmutaci\u00f3n asegurada S a 3,24 mil\u00edmetros<\/p>\n","protected":false},"featured_media":564,"comment_status":"closed","ping_status":"closed","template":"","meta":{"_et_pb_use_builder":"","_et_pb_old_content":"","_et_gb_content_width":""},"product_brand":[19],"product_cat":[20],"product_tag":[],"class_list":{"0":"post-563","1":"product","2":"type-product","3":"status-publish","4":"has-post-thumbnail","6":"product_brand-sick","7":"product_cat-sensor","9":"first","10":"instock","11":"shipping-taxable","12":"product-type-simple"},"_links":{"self":[{"href":"https:\/\/alvar.cl\/index.php?rest_route=\/wp\/v2\/product\/563","targetHints":{"allow":["GET"]}}],"collection":[{"href":"https:\/\/alvar.cl\/index.php?rest_route=\/wp\/v2\/product"}],"about":[{"href":"https:\/\/alvar.cl\/index.php?rest_route=\/wp\/v2\/types\/product"}],"replies":[{"embeddable":true,"href":"https:\/\/alvar.cl\/index.php?rest_route=%2Fwp%2Fv2%2Fcomments&post=563"}],"wp:featuredmedia":[{"embeddable":true,"href":"https:\/\/alvar.cl\/index.php?rest_route=\/wp\/v2\/media\/564"}],"wp:attachment":[{"href":"https:\/\/alvar.cl\/index.php?rest_route=%2Fwp%2Fv2%2Fmedia&parent=563"}],"wp:term":[{"taxonomy":"product_brand","embeddable":true,"href":"https:\/\/alvar.cl\/index.php?rest_route=%2Fwp%2Fv2%2Fproduct_brand&post=563"},{"taxonomy":"product_cat","embeddable":true,"href":"https:\/\/alvar.cl\/index.php?rest_route=%2Fwp%2Fv2%2Fproduct_cat&post=563"},{"taxonomy":"product_tag","embeddable":true,"href":"https:\/\/alvar.cl\/index.php?rest_route=%2Fwp%2Fv2%2Fproduct_tag&post=563"}],"curies":[{"name":"wp","href":"https:\/\/api.w.org\/{rel}","templated":true}]}}