{"id":577,"date":"2026-02-24T15:17:44","date_gmt":"2026-02-24T15:17:44","guid":{"rendered":"https:\/\/alvar.cl\/?post_type=product&#038;p=577"},"modified":"2026-02-24T15:17:58","modified_gmt":"2026-02-24T15:17:58","slug":"interruptores-de-seguridad-i110p-i110-pa223","status":"publish","type":"product","link":"https:\/\/alvar.cl\/?product=interruptores-de-seguridad-i110p-i110-pa223","title":{"rendered":"Interruptores de seguridad: i110P i110-PA223"},"content":{"rendered":"<p>El interruptor de seguridad\u00a0SICK i110-PA223 (serie i110P) es un\u00a0<mark class=\"HxTRcb\">dispositivo electromec\u00e1nico de posici\u00f3n dise\u00f1ado para monitorear resguardos m\u00f3viles (puertas, cubiertas) en maquinaria<\/mark>. Cuenta con un \u00e9mbolo de rodillo, carcasa de zinc fundido, y contactos de acci\u00f3n lenta, ideal para garantizar la parada segura<\/p>\n","protected":false},"excerpt":{"rendered":"<p>El interruptor de seguridad\u00a0SICK i110-PA223 (serie i110P) es un\u00a0dispositivo electromec\u00e1nico de posici\u00f3n dise\u00f1ado para monitorear resguardos m\u00f3viles (puertas, cubiertas) en maquinaria. Cuenta con un \u00e9mbolo de rodillo, carcasa de zinc fundido, y contactos de acci\u00f3n lenta, ideal para garantizar la parada segura<\/p>\n","protected":false},"featured_media":578,"comment_status":"closed","ping_status":"closed","template":"","meta":{"_et_pb_use_builder":"","_et_pb_old_content":"","_et_gb_content_width":""},"product_brand":[19],"product_cat":[29],"product_tag":[],"class_list":{"0":"post-577","1":"product","2":"type-product","3":"status-publish","4":"has-post-thumbnail","6":"product_brand-sick","7":"product_cat-interruptor","9":"first","10":"instock","11":"shipping-taxable","12":"product-type-simple"},"_links":{"self":[{"href":"https:\/\/alvar.cl\/index.php?rest_route=\/wp\/v2\/product\/577","targetHints":{"allow":["GET"]}}],"collection":[{"href":"https:\/\/alvar.cl\/index.php?rest_route=\/wp\/v2\/product"}],"about":[{"href":"https:\/\/alvar.cl\/index.php?rest_route=\/wp\/v2\/types\/product"}],"replies":[{"embeddable":true,"href":"https:\/\/alvar.cl\/index.php?rest_route=%2Fwp%2Fv2%2Fcomments&post=577"}],"wp:featuredmedia":[{"embeddable":true,"href":"https:\/\/alvar.cl\/index.php?rest_route=\/wp\/v2\/media\/578"}],"wp:attachment":[{"href":"https:\/\/alvar.cl\/index.php?rest_route=%2Fwp%2Fv2%2Fmedia&parent=577"}],"wp:term":[{"taxonomy":"product_brand","embeddable":true,"href":"https:\/\/alvar.cl\/index.php?rest_route=%2Fwp%2Fv2%2Fproduct_brand&post=577"},{"taxonomy":"product_cat","embeddable":true,"href":"https:\/\/alvar.cl\/index.php?rest_route=%2Fwp%2Fv2%2Fproduct_cat&post=577"},{"taxonomy":"product_tag","embeddable":true,"href":"https:\/\/alvar.cl\/index.php?rest_route=%2Fwp%2Fv2%2Fproduct_tag&post=577"}],"curies":[{"name":"wp","href":"https:\/\/api.w.org\/{rel}","templated":true}]}}