{"id":585,"date":"2026-02-24T15:27:26","date_gmt":"2026-02-24T15:27:26","guid":{"rendered":"https:\/\/alvar.cl\/?post_type=product&#038;p=585"},"modified":"2026-02-24T15:27:26","modified_gmt":"2026-02-24T15:27:26","slug":"lector-de-codigo-de-barra-clv690-1000","status":"publish","type":"product","link":"https:\/\/alvar.cl\/?product=lector-de-codigo-de-barra-clv690-1000","title":{"rendered":"Lector de codigo de barra \/ CLV690-1000"},"content":{"rendered":"<p>El SICK CLV690-1000 (1056601) es un esc\u00e1ner de c\u00f3digo de barras l\u00e1ser de montaje fijo dise\u00f1ado para alta velocidad y alto rendimiento en log\u00edstica y producci\u00f3n. Destaca por su tecnolog\u00eda de espejo oscilante (para lectura en \u00e1rea), densidad est\u00e1ndar, Ethernet integrado, alta velocidad de lectura (6 m\/s) y protecci\u00f3n IP65<\/p>\n","protected":false},"excerpt":{"rendered":"<p>El SICK CLV690-1000 (1056601) es un esc\u00e1ner de c\u00f3digo de barras l\u00e1ser de montaje fijo dise\u00f1ado para alta velocidad y alto rendimiento en log\u00edstica y producci\u00f3n. Destaca por su tecnolog\u00eda de espejo oscilante (para lectura en \u00e1rea), densidad est\u00e1ndar, Ethernet integrado, alta velocidad de lectura (6 m\/s) y protecci\u00f3n IP65<\/p>\n","protected":false},"featured_media":586,"comment_status":"closed","ping_status":"closed","template":"","meta":{"_et_pb_use_builder":"","_et_pb_old_content":"","_et_gb_content_width":""},"product_brand":[19],"product_cat":[20],"product_tag":[],"class_list":{"0":"post-585","1":"product","2":"type-product","3":"status-publish","4":"has-post-thumbnail","6":"product_brand-sick","7":"product_cat-sensor","9":"first","10":"instock","11":"shipping-taxable","12":"product-type-simple"},"_links":{"self":[{"href":"https:\/\/alvar.cl\/index.php?rest_route=\/wp\/v2\/product\/585","targetHints":{"allow":["GET"]}}],"collection":[{"href":"https:\/\/alvar.cl\/index.php?rest_route=\/wp\/v2\/product"}],"about":[{"href":"https:\/\/alvar.cl\/index.php?rest_route=\/wp\/v2\/types\/product"}],"replies":[{"embeddable":true,"href":"https:\/\/alvar.cl\/index.php?rest_route=%2Fwp%2Fv2%2Fcomments&post=585"}],"wp:featuredmedia":[{"embeddable":true,"href":"https:\/\/alvar.cl\/index.php?rest_route=\/wp\/v2\/media\/586"}],"wp:attachment":[{"href":"https:\/\/alvar.cl\/index.php?rest_route=%2Fwp%2Fv2%2Fmedia&parent=585"}],"wp:term":[{"taxonomy":"product_brand","embeddable":true,"href":"https:\/\/alvar.cl\/index.php?rest_route=%2Fwp%2Fv2%2Fproduct_brand&post=585"},{"taxonomy":"product_cat","embeddable":true,"href":"https:\/\/alvar.cl\/index.php?rest_route=%2Fwp%2Fv2%2Fproduct_cat&post=585"},{"taxonomy":"product_tag","embeddable":true,"href":"https:\/\/alvar.cl\/index.php?rest_route=%2Fwp%2Fv2%2Fproduct_tag&post=585"}],"curies":[{"name":"wp","href":"https:\/\/api.w.org\/{rel}","templated":true}]}}