{"id":596,"date":"2026-02-24T15:39:38","date_gmt":"2026-02-24T15:39:38","guid":{"rendered":"https:\/\/alvar.cl\/?post_type=product&#038;p=596"},"modified":"2026-02-24T15:39:48","modified_gmt":"2026-02-24T15:39:48","slug":"rly3-emss300-rele-de-seguridad","status":"publish","type":"product","link":"https:\/\/alvar.cl\/?product=rly3-emss300-rele-de-seguridad","title":{"rendered":"RLY3-EMSS300 \/ Rel\u00e9 de seguridad"},"content":{"rendered":"<p>REL\u00c9 DE SEGURIDAD, TENSI\u00d3N DE ALIMENTACI\u00d3N 24VDC, 2 ENTRADAS DE SEGURIDAD, 8 SALIDAS LIBRES DE POTENCIAL, MONITOREO DE DISCREPANCIA, DETECCI\u00d3N DE CRUZ DE CIRCUITO, RESET AUTOM\u00c1TICO\/MANUAL, TERMINALES DE RESORTE<\/p>\n","protected":false},"excerpt":{"rendered":"<p>REL\u00c9 DE SEGURIDAD, TENSI\u00d3N DE ALIMENTACI\u00d3N 24VDC, 2 ENTRADAS DE SEGURIDAD, 8 SALIDAS LIBRES DE POTENCIAL, MONITOREO DE DISCREPANCIA, DETECCI\u00d3N DE CRUZ DE CIRCUITO, RESET AUTOM\u00c1TICO\/MANUAL, TERMINALES DE RESORTE<\/p>\n","protected":false},"featured_media":597,"comment_status":"closed","ping_status":"closed","template":"","meta":{"_et_pb_use_builder":"","_et_pb_old_content":"","_et_gb_content_width":""},"product_brand":[19],"product_cat":[30],"product_tag":[],"class_list":{"0":"post-596","1":"product","2":"type-product","3":"status-publish","4":"has-post-thumbnail","6":"product_brand-sick","7":"product_cat-rele","9":"first","10":"instock","11":"shipping-taxable","12":"product-type-simple"},"_links":{"self":[{"href":"https:\/\/alvar.cl\/index.php?rest_route=\/wp\/v2\/product\/596","targetHints":{"allow":["GET"]}}],"collection":[{"href":"https:\/\/alvar.cl\/index.php?rest_route=\/wp\/v2\/product"}],"about":[{"href":"https:\/\/alvar.cl\/index.php?rest_route=\/wp\/v2\/types\/product"}],"replies":[{"embeddable":true,"href":"https:\/\/alvar.cl\/index.php?rest_route=%2Fwp%2Fv2%2Fcomments&post=596"}],"wp:featuredmedia":[{"embeddable":true,"href":"https:\/\/alvar.cl\/index.php?rest_route=\/wp\/v2\/media\/597"}],"wp:attachment":[{"href":"https:\/\/alvar.cl\/index.php?rest_route=%2Fwp%2Fv2%2Fmedia&parent=596"}],"wp:term":[{"taxonomy":"product_brand","embeddable":true,"href":"https:\/\/alvar.cl\/index.php?rest_route=%2Fwp%2Fv2%2Fproduct_brand&post=596"},{"taxonomy":"product_cat","embeddable":true,"href":"https:\/\/alvar.cl\/index.php?rest_route=%2Fwp%2Fv2%2Fproduct_cat&post=596"},{"taxonomy":"product_tag","embeddable":true,"href":"https:\/\/alvar.cl\/index.php?rest_route=%2Fwp%2Fv2%2Fproduct_tag&post=596"}],"curies":[{"name":"wp","href":"https:\/\/api.w.org\/{rel}","templated":true}]}}