{"id":604,"date":"2026-02-24T18:14:06","date_gmt":"2026-02-24T18:14:06","guid":{"rendered":"https:\/\/alvar.cl\/?post_type=product&#038;p=604"},"modified":"2026-02-24T18:14:06","modified_gmt":"2026-02-24T18:14:06","slug":"wt24-2r518-fotocelulas-palpador-fotoelectrico-infra-rojo","status":"publish","type":"product","link":"https:\/\/alvar.cl\/?product=wt24-2r518-fotocelulas-palpador-fotoelectrico-infra-rojo","title":{"rendered":"WT24-2R518, fotoc\u00e9lulas Palpador fotoel\u00e9ctrico infra rojo"},"content":{"rendered":"<p>fotoc\u00e9lulas Palpador fotoelectrico<br \/>\ninfrarrojo, alcance<br \/>\n2,5 mts, alim. 12..240 VDC \/ 24..240 VAC,<br \/>\nsalida rel\u00e9, conexi\u00f3n a conector KA15.<\/p>\n","protected":false},"excerpt":{"rendered":"<p>fotoc\u00e9lulas Palpador fotoelectrico infrarrojo, alcance 2,5 mts, alim. 12..240 VDC \/ 24..240 VAC, salida rel\u00e9, conexi\u00f3n a conector KA15.<\/p>\n","protected":false},"featured_media":605,"comment_status":"closed","ping_status":"closed","template":"","meta":{"_et_pb_use_builder":"","_et_pb_old_content":"","_et_gb_content_width":""},"product_brand":[19],"product_cat":[20],"product_tag":[],"class_list":{"0":"post-604","1":"product","2":"type-product","3":"status-publish","4":"has-post-thumbnail","6":"product_brand-sick","7":"product_cat-sensor","9":"first","10":"instock","11":"shipping-taxable","12":"product-type-simple"},"_links":{"self":[{"href":"https:\/\/alvar.cl\/index.php?rest_route=\/wp\/v2\/product\/604","targetHints":{"allow":["GET"]}}],"collection":[{"href":"https:\/\/alvar.cl\/index.php?rest_route=\/wp\/v2\/product"}],"about":[{"href":"https:\/\/alvar.cl\/index.php?rest_route=\/wp\/v2\/types\/product"}],"replies":[{"embeddable":true,"href":"https:\/\/alvar.cl\/index.php?rest_route=%2Fwp%2Fv2%2Fcomments&post=604"}],"wp:featuredmedia":[{"embeddable":true,"href":"https:\/\/alvar.cl\/index.php?rest_route=\/wp\/v2\/media\/605"}],"wp:attachment":[{"href":"https:\/\/alvar.cl\/index.php?rest_route=%2Fwp%2Fv2%2Fmedia&parent=604"}],"wp:term":[{"taxonomy":"product_brand","embeddable":true,"href":"https:\/\/alvar.cl\/index.php?rest_route=%2Fwp%2Fv2%2Fproduct_brand&post=604"},{"taxonomy":"product_cat","embeddable":true,"href":"https:\/\/alvar.cl\/index.php?rest_route=%2Fwp%2Fv2%2Fproduct_cat&post=604"},{"taxonomy":"product_tag","embeddable":true,"href":"https:\/\/alvar.cl\/index.php?rest_route=%2Fwp%2Fv2%2Fproduct_tag&post=604"}],"curies":[{"name":"wp","href":"https:\/\/api.w.org\/{rel}","templated":true}]}}