{"id":606,"date":"2026-02-24T18:16:58","date_gmt":"2026-02-24T18:16:58","guid":{"rendered":"https:\/\/alvar.cl\/?post_type=product&#038;p=606"},"modified":"2026-02-24T18:16:59","modified_gmt":"2026-02-24T18:16:59","slug":"wtm10l-241611d0a00zwzzzzzzzzz1","status":"publish","type":"product","link":"https:\/\/alvar.cl\/?product=wtm10l-241611d0a00zwzzzzzzzzz1","title":{"rendered":"WTM10L-241611D0A00ZWZZZZZZZZZ1"},"content":{"rendered":"<p>Fotoc\u00e9lula de detecci\u00f3n sobre objeto<br \/>\nSupresi\u00f3n de fondo, Supresi\u00f3n de primer<br \/>\nplano, MultiMode<br \/>\nDistancia de conmutaci\u00f3n m\u00edn. 25 mm<br \/>\nAlcance de detecci\u00f3n m\u00e1x. 700 mm<br \/>\nAjuste Pantalla t\u00e1ctil Para el ajuste de la<br \/>\ndistancia de conmutaci\u00f3n y la configuraci\u00f3n<br \/>\nde los par\u00e1metros del sensor<br \/>\nIO-Link<br \/>\nDetecci\u00f3n de objetos peque\u00f1os, Detecci\u00f3n de<br \/>\nobjetos a alta velocidad, Detecci\u00f3n de<br \/>\nobjetos planos, Detecci\u00f3n de objetos<br \/>\nirregulares y brillantes, Detecci\u00f3n de<br \/>\nobjetos poco reflectantes e inclinados<\/p>\n","protected":false},"excerpt":{"rendered":"<p>Fotoc\u00e9lula de detecci\u00f3n sobre objeto Supresi\u00f3n de fondo, Supresi\u00f3n de primer plano, MultiMode Distancia de conmutaci\u00f3n m\u00edn. 25 mm Alcance de detecci\u00f3n m\u00e1x. 700 mm Ajuste Pantalla t\u00e1ctil Para el ajuste de la distancia de conmutaci\u00f3n y la configuraci\u00f3n de los par\u00e1metros del sensor IO-Link Detecci\u00f3n de objetos peque\u00f1os, Detecci\u00f3n de objetos a alta velocidad, [&hellip;]<\/p>\n","protected":false},"featured_media":607,"comment_status":"closed","ping_status":"closed","template":"","meta":{"_et_pb_use_builder":"","_et_pb_old_content":"","_et_gb_content_width":""},"product_brand":[19],"product_cat":[20],"product_tag":[],"class_list":{"0":"post-606","1":"product","2":"type-product","3":"status-publish","4":"has-post-thumbnail","6":"product_brand-sick","7":"product_cat-sensor","9":"first","10":"instock","11":"shipping-taxable","12":"product-type-simple"},"_links":{"self":[{"href":"https:\/\/alvar.cl\/index.php?rest_route=\/wp\/v2\/product\/606","targetHints":{"allow":["GET"]}}],"collection":[{"href":"https:\/\/alvar.cl\/index.php?rest_route=\/wp\/v2\/product"}],"about":[{"href":"https:\/\/alvar.cl\/index.php?rest_route=\/wp\/v2\/types\/product"}],"replies":[{"embeddable":true,"href":"https:\/\/alvar.cl\/index.php?rest_route=%2Fwp%2Fv2%2Fcomments&post=606"}],"wp:featuredmedia":[{"embeddable":true,"href":"https:\/\/alvar.cl\/index.php?rest_route=\/wp\/v2\/media\/607"}],"wp:attachment":[{"href":"https:\/\/alvar.cl\/index.php?rest_route=%2Fwp%2Fv2%2Fmedia&parent=606"}],"wp:term":[{"taxonomy":"product_brand","embeddable":true,"href":"https:\/\/alvar.cl\/index.php?rest_route=%2Fwp%2Fv2%2Fproduct_brand&post=606"},{"taxonomy":"product_cat","embeddable":true,"href":"https:\/\/alvar.cl\/index.php?rest_route=%2Fwp%2Fv2%2Fproduct_cat&post=606"},{"taxonomy":"product_tag","embeddable":true,"href":"https:\/\/alvar.cl\/index.php?rest_route=%2Fwp%2Fv2%2Fproduct_tag&post=606"}],"curies":[{"name":"wp","href":"https:\/\/api.w.org\/{rel}","templated":true}]}}