{"id":617,"date":"2026-02-24T19:27:25","date_gmt":"2026-02-24T19:27:25","guid":{"rendered":"https:\/\/alvar.cl\/?post_type=product&#038;p=617"},"modified":"2026-02-27T19:31:00","modified_gmt":"2026-02-27T19:31:00","slug":"allen-bradley-kinetix-7000-pn-2099-bm07-s","status":"publish","type":"product","link":"https:\/\/alvar.cl\/?product=allen-bradley-kinetix-7000-pn-2099-bm07-s","title":{"rendered":"ALLEN BRADLEY; KINETIX 7000, PN: 2099-BM07-S"},"content":{"rendered":"<p>El\u00a0<strong class=\"Yjhzub\" data-complete=\"true\" data-processed=\"true\">Allen-Bradley 2099-BM07-S<\/strong> es un servovariador de alta potencia de la serie\u00a0Kinetix 7000, dise\u00f1ado para aplicaciones de un solo eje que requieren un control de movimiento preciso y robusto.\u00a0Este modelo destaca por su capacidad de manejar potencias de hasta\u00a0<strong class=\"Yjhzub\" data-complete=\"true\" data-processed=\"true\">30 kW (40 HP)<\/strong>\u00a0y su integraci\u00f3n simplificada en entornos de automatizaci\u00f3n de Rockwell Automation a trav\u00e9s de la interfaz\u00a0<strong class=\"Yjhzub\" data-complete=\"true\" data-processed=\"true\">SERCOS<\/strong>.<\/p>\n","protected":false},"excerpt":{"rendered":"<p>El\u00a0Allen-Bradley 2099-BM07-S es un servovariador de alta potencia de la serie\u00a0Kinetix 7000, dise\u00f1ado para aplicaciones de un solo eje que requieren un control de movimiento preciso y robusto.\u00a0Este modelo destaca por su capacidad de manejar potencias de hasta\u00a030 kW (40 HP)\u00a0y su integraci\u00f3n simplificada en entornos de automatizaci\u00f3n de Rockwell Automation a trav\u00e9s de la [&hellip;]<\/p>\n","protected":false},"featured_media":618,"comment_status":"closed","ping_status":"closed","template":"","meta":{"_et_pb_use_builder":"","_et_pb_old_content":"","_et_gb_content_width":""},"product_brand":[32],"product_cat":[18],"product_tag":[],"class_list":{"0":"post-617","1":"product","2":"type-product","3":"status-publish","4":"has-post-thumbnail","6":"product_brand-allen-bradley","7":"product_cat-sin-categorizar","9":"first","10":"instock","11":"shipping-taxable","12":"product-type-simple"},"_links":{"self":[{"href":"https:\/\/alvar.cl\/index.php?rest_route=\/wp\/v2\/product\/617","targetHints":{"allow":["GET"]}}],"collection":[{"href":"https:\/\/alvar.cl\/index.php?rest_route=\/wp\/v2\/product"}],"about":[{"href":"https:\/\/alvar.cl\/index.php?rest_route=\/wp\/v2\/types\/product"}],"replies":[{"embeddable":true,"href":"https:\/\/alvar.cl\/index.php?rest_route=%2Fwp%2Fv2%2Fcomments&post=617"}],"wp:featuredmedia":[{"embeddable":true,"href":"https:\/\/alvar.cl\/index.php?rest_route=\/wp\/v2\/media\/618"}],"wp:attachment":[{"href":"https:\/\/alvar.cl\/index.php?rest_route=%2Fwp%2Fv2%2Fmedia&parent=617"}],"wp:term":[{"taxonomy":"product_brand","embeddable":true,"href":"https:\/\/alvar.cl\/index.php?rest_route=%2Fwp%2Fv2%2Fproduct_brand&post=617"},{"taxonomy":"product_cat","embeddable":true,"href":"https:\/\/alvar.cl\/index.php?rest_route=%2Fwp%2Fv2%2Fproduct_cat&post=617"},{"taxonomy":"product_tag","embeddable":true,"href":"https:\/\/alvar.cl\/index.php?rest_route=%2Fwp%2Fv2%2Fproduct_tag&post=617"}],"curies":[{"name":"wp","href":"https:\/\/api.w.org\/{rel}","templated":true}]}}