{"id":633,"date":"2026-02-24T19:47:32","date_gmt":"2026-02-24T19:47:32","guid":{"rendered":"https:\/\/alvar.cl\/?post_type=product&#038;p=633"},"modified":"2026-02-27T19:28:36","modified_gmt":"2026-02-27T19:28:36","slug":"fuente-de-alimentacion-controllogix","status":"publish","type":"product","link":"https:\/\/alvar.cl\/?product=fuente-de-alimentacion-controllogix","title":{"rendered":"Fuente de Alimentacion Controllogix"},"content":{"rendered":"<p>La\u00a0<strong class=\"Yjhzub\" data-complete=\"true\" data-processed=\"true\">Allen-Bradley 1756-PA75<\/strong> es una fuente de alimentaci\u00f3n est\u00e1ndar de CA dise\u00f1ada para suministrar energ\u00eda de forma fiable a los chasis y m\u00f3dulos del sistema\u00a0ControlLogix\u00a0de Rockwell Automation.\u00a0Se instala directamente en el extremo izquierdo del chasis y convierte la entrada de CA en los voltajes de CC (1.2V, 3.3V, 5.1V y 24V) necesarios para el backplane.<span class=\"uJ19be notranslate\" data-wiz-uids=\"DEMDGd_g,DEMDGd_h\" data-complete=\"true\" data-processed=\"true\"><span class=\"vKEkVd\" data-animation-atomic=\"\" data-wiz-attrbind=\"class=DEMDGd_f\/TKHnVd\" data-sae=\"\"><span aria-hidden=\"true\" aria-owns=\"action-menu-parent-container\">\u00a0<\/span><\/span><\/span><\/p>\n","protected":false},"excerpt":{"rendered":"<p>La\u00a0Allen-Bradley 1756-PA75 es una fuente de alimentaci\u00f3n est\u00e1ndar de CA dise\u00f1ada para suministrar energ\u00eda de forma fiable a los chasis y m\u00f3dulos del sistema\u00a0ControlLogix\u00a0de Rockwell Automation.\u00a0Se instala directamente en el extremo izquierdo del chasis y convierte la entrada de CA en los voltajes de CC (1.2V, 3.3V, 5.1V y 24V) necesarios para el backplane.\u00a0<\/p>\n","protected":false},"featured_media":634,"comment_status":"closed","ping_status":"closed","template":"","meta":{"_et_pb_use_builder":"","_et_pb_old_content":"","_et_gb_content_width":""},"product_brand":[32],"product_cat":[18],"product_tag":[],"class_list":{"0":"post-633","1":"product","2":"type-product","3":"status-publish","4":"has-post-thumbnail","6":"product_brand-allen-bradley","7":"product_cat-sin-categorizar","9":"first","10":"instock","11":"shipping-taxable","12":"product-type-simple"},"_links":{"self":[{"href":"https:\/\/alvar.cl\/index.php?rest_route=\/wp\/v2\/product\/633","targetHints":{"allow":["GET"]}}],"collection":[{"href":"https:\/\/alvar.cl\/index.php?rest_route=\/wp\/v2\/product"}],"about":[{"href":"https:\/\/alvar.cl\/index.php?rest_route=\/wp\/v2\/types\/product"}],"replies":[{"embeddable":true,"href":"https:\/\/alvar.cl\/index.php?rest_route=%2Fwp%2Fv2%2Fcomments&post=633"}],"wp:featuredmedia":[{"embeddable":true,"href":"https:\/\/alvar.cl\/index.php?rest_route=\/wp\/v2\/media\/634"}],"wp:attachment":[{"href":"https:\/\/alvar.cl\/index.php?rest_route=%2Fwp%2Fv2%2Fmedia&parent=633"}],"wp:term":[{"taxonomy":"product_brand","embeddable":true,"href":"https:\/\/alvar.cl\/index.php?rest_route=%2Fwp%2Fv2%2Fproduct_brand&post=633"},{"taxonomy":"product_cat","embeddable":true,"href":"https:\/\/alvar.cl\/index.php?rest_route=%2Fwp%2Fv2%2Fproduct_cat&post=633"},{"taxonomy":"product_tag","embeddable":true,"href":"https:\/\/alvar.cl\/index.php?rest_route=%2Fwp%2Fv2%2Fproduct_tag&post=633"}],"curies":[{"name":"wp","href":"https:\/\/api.w.org\/{rel}","templated":true}]}}