{"id":650,"date":"2026-02-27T18:00:34","date_gmt":"2026-02-27T18:00:34","guid":{"rendered":"https:\/\/alvar.cl\/?post_type=product&#038;p=650"},"modified":"2026-02-27T19:28:11","modified_gmt":"2026-02-27T19:28:11","slug":"atsu01n232lt-arrancador-suave-para-motores-asincronos","status":"publish","type":"product","link":"https:\/\/alvar.cl\/?product=atsu01n232lt-arrancador-suave-para-motores-asincronos","title":{"rendered":"ATSU01N232LT \/ Arrancador suave para motores as\u00edncronos"},"content":{"rendered":"<p>El\u00a0<strong class=\"Yjhzub\" data-processed=\"true\"><span data-wiz-uids=\"BkMJIb_c\" data-processed=\"true\"><a class=\"GI370e\" href=\"https:\/\/www.google.com\/search?q=Schneider+Electric+ATSU01N232LT&amp;sca_esv=82e1ade9a4b9d4d3&amp;sxsrf=ANbL-n4I-az6XQHRO7RVRm4B6gpcx80zWg%3A1772215082213&amp;ei=KtuhadXhDNno1sQPxs6qiQg&amp;oq=ATSU01N232LT+desc&amp;gs_lp=Egxnd3Mtd2l6LXNlcnAiEUFUU1UwMU4yMzJMVCBkZXNjKgIIADIFECEYoAEyBRAhGKABMgUQIRigAUivGFCAAViSCHABeACQAQCYAX6gAaEEqgEDNS4xuAEByAEA-AEBmAIGoAKOBMICCRAAGLADGAcYHsICCBAAGIAEGLADwgILEAAYgAQYsAMYywHCAgcQABiwAxgewgIIEAAYsAMY7wXCAgsQABiABBiwAxiiBMICCBAAGIAEGMsBwgIEEAAYHsICBRAAGO8FwgIIEAAYgAQYogSYAwCIBgGQBgiSBwM0LjKgB-oSsgcDMy4yuAeGBMIHBTItNS4xyAcigAgA&amp;sclient=gws-wiz-serp&amp;ved=2ahUKEwi8lMn_n_qSAxX5p5UCHbfWNukQgK4QegQIARAB\" data-ved=\"2ahUKEwi8lMn_n_qSAxX5p5UCHbfWNukQgK4QegQIARAB\" data-hveid=\"CAEQAQ\" data-processed=\"true\">Schneider Electric ATSU01N232LT<\/a><\/span><\/strong> es un arrancador suave compacto (45 mm de ancho) dise\u00f1ado para motores as\u00edncronos trif\u00e1sicos de 32 A, operando entre 200-480 V CA y potencias de 7.5 a 15 kW. Pertenece a la gama Altistart U01, ideal para optimizar el arranque en aplicaciones simples como cintas transportadoras, bombas y ventiladores.<\/p>\n","protected":false},"excerpt":{"rendered":"<p>El\u00a0Schneider Electric ATSU01N232LT es un arrancador suave compacto (45 mm de ancho) dise\u00f1ado para motores as\u00edncronos trif\u00e1sicos de 32 A, operando entre 200-480 V CA y potencias de 7.5 a 15 kW. Pertenece a la gama Altistart U01, ideal para optimizar el arranque en aplicaciones simples como cintas transportadoras, bombas y ventiladores.<\/p>\n","protected":false},"featured_media":651,"comment_status":"closed","ping_status":"closed","template":"","meta":{"_et_pb_use_builder":"","_et_pb_old_content":"","_et_gb_content_width":""},"product_brand":[24],"product_cat":[18],"product_tag":[],"class_list":{"0":"post-650","1":"product","2":"type-product","3":"status-publish","4":"has-post-thumbnail","6":"product_brand-schneider","7":"product_cat-sin-categorizar","9":"first","10":"instock","11":"shipping-taxable","12":"product-type-simple"},"_links":{"self":[{"href":"https:\/\/alvar.cl\/index.php?rest_route=\/wp\/v2\/product\/650","targetHints":{"allow":["GET"]}}],"collection":[{"href":"https:\/\/alvar.cl\/index.php?rest_route=\/wp\/v2\/product"}],"about":[{"href":"https:\/\/alvar.cl\/index.php?rest_route=\/wp\/v2\/types\/product"}],"replies":[{"embeddable":true,"href":"https:\/\/alvar.cl\/index.php?rest_route=%2Fwp%2Fv2%2Fcomments&post=650"}],"wp:featuredmedia":[{"embeddable":true,"href":"https:\/\/alvar.cl\/index.php?rest_route=\/wp\/v2\/media\/651"}],"wp:attachment":[{"href":"https:\/\/alvar.cl\/index.php?rest_route=%2Fwp%2Fv2%2Fmedia&parent=650"}],"wp:term":[{"taxonomy":"product_brand","embeddable":true,"href":"https:\/\/alvar.cl\/index.php?rest_route=%2Fwp%2Fv2%2Fproduct_brand&post=650"},{"taxonomy":"product_cat","embeddable":true,"href":"https:\/\/alvar.cl\/index.php?rest_route=%2Fwp%2Fv2%2Fproduct_cat&post=650"},{"taxonomy":"product_tag","embeddable":true,"href":"https:\/\/alvar.cl\/index.php?rest_route=%2Fwp%2Fv2%2Fproduct_tag&post=650"}],"curies":[{"name":"wp","href":"https:\/\/api.w.org\/{rel}","templated":true}]}}