{"id":654,"date":"2026-02-27T18:06:12","date_gmt":"2026-02-27T18:06:12","guid":{"rendered":"https:\/\/alvar.cl\/?post_type=product&#038;p=654"},"modified":"2026-02-27T19:19:09","modified_gmt":"2026-02-27T19:19:09","slug":"circuit-breaker-rjf36160u33a","status":"publish","type":"product","link":"https:\/\/alvar.cl\/?product=circuit-breaker-rjf36160u33a","title":{"rendered":"Circuit breaker \/ RJF36160U33A"},"content":{"rendered":"<p>El Schneider Electric\u00a0<a class=\"GI370e\" href=\"https:\/\/www.google.com\/search?q=RJF36160U33A&amp;sca_esv=82e1ade9a4b9d4d3&amp;sxsrf=ANbL-n6nszfty8a3iZk9AYqyK134--pInQ%3A1772215442458&amp;ei=ktyhaa_VG7rU1sQPzMCliAo&amp;oq=RJF36160U33A+desc&amp;gs_lp=Egxnd3Mtd2l6LXNlcnAiEVJKRjM2MTYwVTMzQSBkZXNjKgIIATIFECEYoAEyBRAhGKABMgUQIRigATIFECEYoAFInBNQN1iQCXABeACQAQCYAbkBoAG8BKoBAzQuMrgBAcgBAPgBAZgCBqACtATCAgsQABiABBiwAxjLAcICCxAAGIAEGLADGKIEwgIIEAAYsAMY7wXCAgUQABjvBcICCBAAGIAEGKIEmAMAiAYBkAYFkgcFNC4xLjGgB78QsgcFMy4xLjG4B6sEwgcHMC4yLjMuMcgHI4AIAA&amp;sclient=gws-wiz-serp&amp;ved=2ahUKEwj0x_OiofqSAxXnqJUCHQIzL0MQgK4QegQIARAB\" data-ved=\"2ahUKEwj0x_OiofqSAxXnqJUCHQIzL0MQgK4QegQIARAB\" data-hveid=\"CAEQAQ\" data-processed=\"true\">RJF36160U33A<\/a>\u00a0es un\u00a0<mark class=\"HxTRcb\" data-processed=\"true\">interruptor autom\u00e1tico de caja moldeada (MCCB) de la serie PowerPacT R<\/mark>. Se caracteriza por ser un interruptor de 3 polos, 1600 A, 600 VCA, con capacidad de interrupci\u00f3n de 25 kA a 600 VCA, montaje unitario, conexi\u00f3n por barra colectora y unidad de disparo electr\u00f3nico Micrologic 5.0 (LSI).<\/p>\n","protected":false},"excerpt":{"rendered":"<p>El Schneider Electric\u00a0RJF36160U33A\u00a0es un\u00a0interruptor autom\u00e1tico de caja moldeada (MCCB) de la serie PowerPacT R. Se caracteriza por ser un interruptor de 3 polos, 1600 A, 600 VCA, con capacidad de interrupci\u00f3n de 25 kA a 600 VCA, montaje unitario, conexi\u00f3n por barra colectora y unidad de disparo electr\u00f3nico Micrologic 5.0 (LSI).<\/p>\n","protected":false},"featured_media":655,"comment_status":"closed","ping_status":"closed","template":"","meta":{"_et_pb_use_builder":"on","_et_pb_old_content":"El Schneider Electric\u00a0<a class=\"GI370e\" href=\"https:\/\/www.google.com\/search?q=RJF36160U33A&amp;sca_esv=82e1ade9a4b9d4d3&amp;sxsrf=ANbL-n6nszfty8a3iZk9AYqyK134--pInQ%3A1772215442458&amp;ei=ktyhaa_VG7rU1sQPzMCliAo&amp;oq=RJF36160U33A+desc&amp;gs_lp=Egxnd3Mtd2l6LXNlcnAiEVJKRjM2MTYwVTMzQSBkZXNjKgIIATIFECEYoAEyBRAhGKABMgUQIRigATIFECEYoAFInBNQN1iQCXABeACQAQCYAbkBoAG8BKoBAzQuMrgBAcgBAPgBAZgCBqACtATCAgsQABiABBiwAxjLAcICCxAAGIAEGLADGKIEwgIIEAAYsAMY7wXCAgUQABjvBcICCBAAGIAEGKIEmAMAiAYBkAYFkgcFNC4xLjGgB78QsgcFMy4xLjG4B6sEwgcHMC4yLjMuMcgHI4AIAA&amp;sclient=gws-wiz-serp&amp;ved=2ahUKEwj0x_OiofqSAxXnqJUCHQIzL0MQgK4QegQIARAB\" data-ved=\"2ahUKEwj0x_OiofqSAxXnqJUCHQIzL0MQgK4QegQIARAB\" data-hveid=\"CAEQAQ\" data-processed=\"true\">RJF36160U33A<\/a>\u00a0es un\u00a0<mark class=\"HxTRcb\" data-processed=\"true\">interruptor autom\u00e1tico de caja moldeada (MCCB) de la serie PowerPacT R<\/mark>. Se caracteriza por ser un interruptor de 3 polos, 1600 A, 600 VCA, con capacidad de interrupci\u00f3n de 25 kA a 600 VCA, montaje unitario, conexi\u00f3n por barra colectora y unidad de disparo electr\u00f3nico Micrologic 5.0 (LSI).","_et_gb_content_width":""},"product_brand":[24],"product_cat":[18],"product_tag":[],"class_list":{"0":"post-654","1":"product","2":"type-product","3":"status-publish","4":"has-post-thumbnail","6":"product_brand-schneider","7":"product_cat-sin-categorizar","9":"first","10":"instock","11":"shipping-taxable","12":"product-type-simple"},"_links":{"self":[{"href":"https:\/\/alvar.cl\/index.php?rest_route=\/wp\/v2\/product\/654","targetHints":{"allow":["GET"]}}],"collection":[{"href":"https:\/\/alvar.cl\/index.php?rest_route=\/wp\/v2\/product"}],"about":[{"href":"https:\/\/alvar.cl\/index.php?rest_route=\/wp\/v2\/types\/product"}],"replies":[{"embeddable":true,"href":"https:\/\/alvar.cl\/index.php?rest_route=%2Fwp%2Fv2%2Fcomments&post=654"}],"wp:featuredmedia":[{"embeddable":true,"href":"https:\/\/alvar.cl\/index.php?rest_route=\/wp\/v2\/media\/655"}],"wp:attachment":[{"href":"https:\/\/alvar.cl\/index.php?rest_route=%2Fwp%2Fv2%2Fmedia&parent=654"}],"wp:term":[{"taxonomy":"product_brand","embeddable":true,"href":"https:\/\/alvar.cl\/index.php?rest_route=%2Fwp%2Fv2%2Fproduct_brand&post=654"},{"taxonomy":"product_cat","embeddable":true,"href":"https:\/\/alvar.cl\/index.php?rest_route=%2Fwp%2Fv2%2Fproduct_cat&post=654"},{"taxonomy":"product_tag","embeddable":true,"href":"https:\/\/alvar.cl\/index.php?rest_route=%2Fwp%2Fv2%2Fproduct_tag&post=654"}],"curies":[{"name":"wp","href":"https:\/\/api.w.org\/{rel}","templated":true}]}}