{"id":666,"date":"2026-02-27T18:23:20","date_gmt":"2026-02-27T18:23:20","guid":{"rendered":"https:\/\/alvar.cl\/?post_type=product&#038;p=666"},"modified":"2026-02-27T19:25:21","modified_gmt":"2026-02-27T19:25:21","slug":"lc1dwk12m7-se-l-948141","status":"publish","type":"product","link":"https:\/\/alvar.cl\/?product=lc1dwk12m7-se-l-948141","title":{"rendered":"LC1DWK12M7 \/ SE-L-948141"},"content":{"rendered":"<p>El contactor\u00a0<span data-wiz-uids=\"XVxuve_b\" data-processed=\"true\"><a class=\"GI370e\" href=\"https:\/\/www.google.com\/search?q=Schneider+Electric+LC1DWK12M7&amp;sca_esv=82e1ade9a4b9d4d3&amp;sxsrf=ANbL-n4Jsof5MotcMiRHKQK9xU1cgSv7rg%3A1772216520742&amp;ei=yOChaeX-LJbF1sQPhMn_wA4&amp;oq=LC1DWK12M7+desc&amp;gs_lp=Egxnd3Mtd2l6LXNlcnAiD0xDMURXSzEyTTcgZGVzYyoCCAAyBBAjGCcyBRAAGO8FMgUQABjvBTIFEAAY7wUyBRAAGO8FMgUQABjvBUiVCFAxWIoFcAF4AJABAJgBUKABkgOqAQE2uAEByAEA-AEBmAIGoAKMA8ICBxAjGLADGCfCAgoQABiwAxjWBBhHwgINEAAYgAQYsAMYQxiKBcICCBAAGIAEGMsBwgIEEAAYHsICBhAAGAUYHsICBhAAGBYYHpgDAIgGAZAGCpIHATagB8AhsgcBNbgHhQPCBwkwLjIuMy4wLjHIByiACAA&amp;sclient=gws-wiz-serp&amp;ved=2ahUKEwjl7MCXpfqSAxUqlZUCHcNWBxgQgK4QegQIARAB\" data-ved=\"2ahUKEwjl7MCXpfqSAxUqlZUCHcNWBxgQgK4QegQIARAB\" data-hveid=\"CAEQAQ\" data-processed=\"true\">Schneider Electric LC1DWK12M7<\/a><\/span> (TeSys Deca) es un dispositivo de 3 polos dise\u00f1ado espec\u00edficamente para conmutar bancos de capacitores trif\u00e1sicos hasta 60 kVAR a 400\/415V (63kVAR@400V 50Hz) para correcci\u00f3n del factor de potencia. Incorpora una bobina de 220V CA, resistencias de amortiguaci\u00f3n precableadas y contactos auxiliares 1NA+2NC.<span class=\"uJ19be notranslate\" data-wiz-uids=\"XVxuve_e,XVxuve_f\" data-processed=\"true\"><span class=\"vKEkVd\" data-animation-atomic=\"\" data-wiz-attrbind=\"class=XVxuve_d\/TKHnVd\" data-processed=\"true\"><span aria-hidden=\"true\" data-processed=\"true\">\u00a0<\/span><\/span><\/span><\/p>\n","protected":false},"excerpt":{"rendered":"<p>El contactor\u00a0Schneider Electric LC1DWK12M7 (TeSys Deca) es un dispositivo de 3 polos dise\u00f1ado espec\u00edficamente para conmutar bancos de capacitores trif\u00e1sicos hasta 60 kVAR a 400\/415V (63kVAR@400V 50Hz) para correcci\u00f3n del factor de potencia. Incorpora una bobina de 220V CA, resistencias de amortiguaci\u00f3n precableadas y contactos auxiliares 1NA+2NC.\u00a0<\/p>\n","protected":false},"featured_media":0,"comment_status":"closed","ping_status":"closed","template":"","meta":{"_et_pb_use_builder":"","_et_pb_old_content":"","_et_gb_content_width":""},"product_brand":[24],"product_cat":[34],"product_tag":[],"class_list":{"0":"post-666","1":"product","2":"type-product","3":"status-publish","5":"product_brand-schneider","6":"product_cat-contactador","8":"first","9":"instock","10":"shipping-taxable","11":"product-type-simple"},"_links":{"self":[{"href":"https:\/\/alvar.cl\/index.php?rest_route=\/wp\/v2\/product\/666","targetHints":{"allow":["GET"]}}],"collection":[{"href":"https:\/\/alvar.cl\/index.php?rest_route=\/wp\/v2\/product"}],"about":[{"href":"https:\/\/alvar.cl\/index.php?rest_route=\/wp\/v2\/types\/product"}],"replies":[{"embeddable":true,"href":"https:\/\/alvar.cl\/index.php?rest_route=%2Fwp%2Fv2%2Fcomments&post=666"}],"wp:attachment":[{"href":"https:\/\/alvar.cl\/index.php?rest_route=%2Fwp%2Fv2%2Fmedia&parent=666"}],"wp:term":[{"taxonomy":"product_brand","embeddable":true,"href":"https:\/\/alvar.cl\/index.php?rest_route=%2Fwp%2Fv2%2Fproduct_brand&post=666"},{"taxonomy":"product_cat","embeddable":true,"href":"https:\/\/alvar.cl\/index.php?rest_route=%2Fwp%2Fv2%2Fproduct_cat&post=666"},{"taxonomy":"product_tag","embeddable":true,"href":"https:\/\/alvar.cl\/index.php?rest_route=%2Fwp%2Fv2%2Fproduct_tag&post=666"}],"curies":[{"name":"wp","href":"https:\/\/api.w.org\/{rel}","templated":true}]}}