{"id":691,"date":"2026-03-10T19:12:12","date_gmt":"2026-03-10T19:12:12","guid":{"rendered":"https:\/\/alvar.cl\/?post_type=product&#038;p=691"},"modified":"2026-03-10T19:15:33","modified_gmt":"2026-03-10T19:15:33","slug":"chasis-controllogix-1756-a10","status":"publish","type":"product","link":"https:\/\/alvar.cl\/?product=chasis-controllogix-1756-a10","title":{"rendered":"Chasis ControlLogix \/ 1756-A10"},"content":{"rendered":"<p>El Allen-Bradley 1756-A10 es un chasis de 10 ranuras dise\u00f1ado para sistemas ControlLogix de Rockwell Automation. Facilita la comunicaci\u00f3n de alta velocidad, la alimentaci\u00f3n el\u00e9ctrica y el montaje de m\u00f3dulos (E\/S, controladores) en aplicaciones industriales, con instalaci\u00f3n horizontal en panel.<\/p>\n","protected":false},"excerpt":{"rendered":"<p>El Allen-Bradley 1756-A10 es un chasis de 10 ranuras dise\u00f1ado para sistemas ControlLogix de Rockwell Automation. Facilita la comunicaci\u00f3n de alta velocidad, la alimentaci\u00f3n el\u00e9ctrica y el montaje de m\u00f3dulos (E\/S, controladores) en aplicaciones industriales, con instalaci\u00f3n horizontal en panel.<\/p>\n","protected":false},"featured_media":693,"comment_status":"closed","ping_status":"closed","template":"","meta":{"_et_pb_use_builder":"","_et_pb_old_content":"","_et_gb_content_width":""},"product_brand":[32],"product_cat":[36],"product_tag":[],"class_list":{"0":"post-691","1":"product","2":"type-product","3":"status-publish","4":"has-post-thumbnail","6":"product_brand-allen-bradley","7":"product_cat-chasis","9":"first","10":"instock","11":"shipping-taxable","12":"purchasable","13":"product-type-simple"},"_links":{"self":[{"href":"https:\/\/alvar.cl\/index.php?rest_route=\/wp\/v2\/product\/691","targetHints":{"allow":["GET"]}}],"collection":[{"href":"https:\/\/alvar.cl\/index.php?rest_route=\/wp\/v2\/product"}],"about":[{"href":"https:\/\/alvar.cl\/index.php?rest_route=\/wp\/v2\/types\/product"}],"replies":[{"embeddable":true,"href":"https:\/\/alvar.cl\/index.php?rest_route=%2Fwp%2Fv2%2Fcomments&post=691"}],"wp:featuredmedia":[{"embeddable":true,"href":"https:\/\/alvar.cl\/index.php?rest_route=\/wp\/v2\/media\/693"}],"wp:attachment":[{"href":"https:\/\/alvar.cl\/index.php?rest_route=%2Fwp%2Fv2%2Fmedia&parent=691"}],"wp:term":[{"taxonomy":"product_brand","embeddable":true,"href":"https:\/\/alvar.cl\/index.php?rest_route=%2Fwp%2Fv2%2Fproduct_brand&post=691"},{"taxonomy":"product_cat","embeddable":true,"href":"https:\/\/alvar.cl\/index.php?rest_route=%2Fwp%2Fv2%2Fproduct_cat&post=691"},{"taxonomy":"product_tag","embeddable":true,"href":"https:\/\/alvar.cl\/index.php?rest_route=%2Fwp%2Fv2%2Fproduct_tag&post=691"}],"curies":[{"name":"wp","href":"https:\/\/api.w.org\/{rel}","templated":true}]}}