{"id":701,"date":"2026-03-10T19:27:31","date_gmt":"2026-03-10T19:27:31","guid":{"rendered":"https:\/\/alvar.cl\/?post_type=product&#038;p=701"},"modified":"2026-03-10T19:27:31","modified_gmt":"2026-03-10T19:27:31","slug":"flex-i-o-power-supply-modules-1794-ps3","status":"publish","type":"product","link":"https:\/\/alvar.cl\/?product=flex-i-o-power-supply-modules-1794-ps3","title":{"rendered":"FLEX I\/O Power Supply Modules \/ 1794-PS3"},"content":{"rendered":"<p>El Allen-Bradley 1794-PS3 es un m\u00f3dulo de fuente de alimentaci\u00f3n de campo para el sistema FLEX I\/O, dise\u00f1ado para automatizaci\u00f3n industrial. Convierte una entrada de CA (85-264V, 47-63 Hz) a una salida estable de 24V CC, 3A, proporcionando energ\u00eda confiable para adaptadores y m\u00f3dulos de E\/S en entornos exigentes.<\/p>\n","protected":false},"excerpt":{"rendered":"<p>El Allen-Bradley 1794-PS3 es un m\u00f3dulo de fuente de alimentaci\u00f3n de campo para el sistema FLEX I\/O, dise\u00f1ado para automatizaci\u00f3n industrial. Convierte una entrada de CA (85-264V, 47-63 Hz) a una salida estable de 24V CC, 3A, proporcionando energ\u00eda confiable para adaptadores y m\u00f3dulos de E\/S en entornos exigentes.<\/p>\n","protected":false},"featured_media":702,"comment_status":"closed","ping_status":"closed","template":"","meta":{"_et_pb_use_builder":"","_et_pb_old_content":"","_et_gb_content_width":""},"product_brand":[32],"product_cat":[37],"product_tag":[],"class_list":{"0":"post-701","1":"product","2":"type-product","3":"status-publish","4":"has-post-thumbnail","6":"product_brand-allen-bradley","7":"product_cat-fuente-de-alimentacion","9":"first","10":"instock","11":"shipping-taxable","12":"purchasable","13":"product-type-simple"},"_links":{"self":[{"href":"https:\/\/alvar.cl\/index.php?rest_route=\/wp\/v2\/product\/701","targetHints":{"allow":["GET"]}}],"collection":[{"href":"https:\/\/alvar.cl\/index.php?rest_route=\/wp\/v2\/product"}],"about":[{"href":"https:\/\/alvar.cl\/index.php?rest_route=\/wp\/v2\/types\/product"}],"replies":[{"embeddable":true,"href":"https:\/\/alvar.cl\/index.php?rest_route=%2Fwp%2Fv2%2Fcomments&post=701"}],"wp:featuredmedia":[{"embeddable":true,"href":"https:\/\/alvar.cl\/index.php?rest_route=\/wp\/v2\/media\/702"}],"wp:attachment":[{"href":"https:\/\/alvar.cl\/index.php?rest_route=%2Fwp%2Fv2%2Fmedia&parent=701"}],"wp:term":[{"taxonomy":"product_brand","embeddable":true,"href":"https:\/\/alvar.cl\/index.php?rest_route=%2Fwp%2Fv2%2Fproduct_brand&post=701"},{"taxonomy":"product_cat","embeddable":true,"href":"https:\/\/alvar.cl\/index.php?rest_route=%2Fwp%2Fv2%2Fproduct_cat&post=701"},{"taxonomy":"product_tag","embeddable":true,"href":"https:\/\/alvar.cl\/index.php?rest_route=%2Fwp%2Fv2%2Fproduct_tag&post=701"}],"curies":[{"name":"wp","href":"https:\/\/api.w.org\/{rel}","templated":true}]}}