{"id":706,"date":"2026-03-10T19:35:50","date_gmt":"2026-03-10T19:35:50","guid":{"rendered":"https:\/\/alvar.cl\/?post_type=product&#038;p=706"},"modified":"2026-03-10T19:35:50","modified_gmt":"2026-03-10T19:35:50","slug":"terminal-base-units-1794-tb32s","status":"publish","type":"product","link":"https:\/\/alvar.cl\/?product=terminal-base-units-1794-tb32s","title":{"rendered":"Terminal Base Units \/ 1794-TB32S"},"content":{"rendered":"<p>El Allen-Bradley 1794-TB32S es una unidad base de terminales Flex I\/O de 32 puntos dise\u00f1ada por Rockwell Automation. Utiliza conexiones de abrazadera de resorte (spring clamp) para un cableado r\u00e1pido y seguro, siendo una alternativa compacta a la versi\u00f3n con tornillos, ideal para entornos de automatizaci\u00f3n industrial.<\/p>\n","protected":false},"excerpt":{"rendered":"<p>El Allen-Bradley 1794-TB32S es una unidad base de terminales Flex I\/O de 32 puntos dise\u00f1ada por Rockwell Automation. Utiliza conexiones de abrazadera de resorte (spring clamp) para un cableado r\u00e1pido y seguro, siendo una alternativa compacta a la versi\u00f3n con tornillos, ideal para entornos de automatizaci\u00f3n industrial.<\/p>\n","protected":false},"featured_media":707,"comment_status":"closed","ping_status":"closed","template":"","meta":{"_et_pb_use_builder":"","_et_pb_old_content":"","_et_gb_content_width":""},"product_brand":[32],"product_cat":[39],"product_tag":[],"class_list":{"0":"post-706","1":"product","2":"type-product","3":"status-publish","4":"has-post-thumbnail","6":"product_brand-allen-bradley","7":"product_cat-terminal","9":"first","10":"instock","11":"shipping-taxable","12":"purchasable","13":"product-type-simple"},"_links":{"self":[{"href":"https:\/\/alvar.cl\/index.php?rest_route=\/wp\/v2\/product\/706","targetHints":{"allow":["GET"]}}],"collection":[{"href":"https:\/\/alvar.cl\/index.php?rest_route=\/wp\/v2\/product"}],"about":[{"href":"https:\/\/alvar.cl\/index.php?rest_route=\/wp\/v2\/types\/product"}],"replies":[{"embeddable":true,"href":"https:\/\/alvar.cl\/index.php?rest_route=%2Fwp%2Fv2%2Fcomments&post=706"}],"wp:featuredmedia":[{"embeddable":true,"href":"https:\/\/alvar.cl\/index.php?rest_route=\/wp\/v2\/media\/707"}],"wp:attachment":[{"href":"https:\/\/alvar.cl\/index.php?rest_route=%2Fwp%2Fv2%2Fmedia&parent=706"}],"wp:term":[{"taxonomy":"product_brand","embeddable":true,"href":"https:\/\/alvar.cl\/index.php?rest_route=%2Fwp%2Fv2%2Fproduct_brand&post=706"},{"taxonomy":"product_cat","embeddable":true,"href":"https:\/\/alvar.cl\/index.php?rest_route=%2Fwp%2Fv2%2Fproduct_cat&post=706"},{"taxonomy":"product_tag","embeddable":true,"href":"https:\/\/alvar.cl\/index.php?rest_route=%2Fwp%2Fv2%2Fproduct_tag&post=706"}],"curies":[{"name":"wp","href":"https:\/\/api.w.org\/{rel}","templated":true}]}}