{"id":712,"date":"2026-03-10T19:43:11","date_gmt":"2026-03-10T19:43:11","guid":{"rendered":"https:\/\/alvar.cl\/?post_type=product&#038;p=712"},"modified":"2026-03-10T19:43:11","modified_gmt":"2026-03-10T19:43:11","slug":"modulo-de-entrada-analogica-flex-de-8-puntos-1794-ir8","status":"publish","type":"product","link":"https:\/\/alvar.cl\/?product=modulo-de-entrada-analogica-flex-de-8-puntos-1794-ir8","title":{"rendered":"M\u00f3dulo de entrada anal\u00f3gica Flex de 8 puntos \/ 1794-IR8"},"content":{"rendered":"<p>El Allen-Bradley 1794-IR8 es un m\u00f3dulo de entrada anal\u00f3gica de 8 canales dise\u00f1ado para la plataforma FLEX I\/O, utilizado para mediciones precisas de temperatura mediante detectores de temperatura de resistencia (RTD). Este m\u00f3dulo de alta resoluci\u00f3n (16 bits) permite la configuraci\u00f3n individual por canal y es ideal para aplicaciones de automatizaci\u00f3n industrial.<\/p>\n","protected":false},"excerpt":{"rendered":"<p>El Allen-Bradley 1794-IR8 es un m\u00f3dulo de entrada anal\u00f3gica de 8 canales dise\u00f1ado para la plataforma FLEX I\/O, utilizado para mediciones precisas de temperatura mediante detectores de temperatura de resistencia (RTD). Este m\u00f3dulo de alta resoluci\u00f3n (16 bits) permite la configuraci\u00f3n individual por canal y es ideal para aplicaciones de automatizaci\u00f3n industrial.<\/p>\n","protected":false},"featured_media":713,"comment_status":"closed","ping_status":"closed","template":"","meta":{"_et_pb_use_builder":"","_et_pb_old_content":"","_et_gb_content_width":""},"product_brand":[32],"product_cat":[25],"product_tag":[],"class_list":{"0":"post-712","1":"product","2":"type-product","3":"status-publish","4":"has-post-thumbnail","6":"product_brand-allen-bradley","7":"product_cat-modulo","9":"first","10":"instock","11":"shipping-taxable","12":"purchasable","13":"product-type-simple"},"_links":{"self":[{"href":"https:\/\/alvar.cl\/index.php?rest_route=\/wp\/v2\/product\/712","targetHints":{"allow":["GET"]}}],"collection":[{"href":"https:\/\/alvar.cl\/index.php?rest_route=\/wp\/v2\/product"}],"about":[{"href":"https:\/\/alvar.cl\/index.php?rest_route=\/wp\/v2\/types\/product"}],"replies":[{"embeddable":true,"href":"https:\/\/alvar.cl\/index.php?rest_route=%2Fwp%2Fv2%2Fcomments&post=712"}],"wp:featuredmedia":[{"embeddable":true,"href":"https:\/\/alvar.cl\/index.php?rest_route=\/wp\/v2\/media\/713"}],"wp:attachment":[{"href":"https:\/\/alvar.cl\/index.php?rest_route=%2Fwp%2Fv2%2Fmedia&parent=712"}],"wp:term":[{"taxonomy":"product_brand","embeddable":true,"href":"https:\/\/alvar.cl\/index.php?rest_route=%2Fwp%2Fv2%2Fproduct_brand&post=712"},{"taxonomy":"product_cat","embeddable":true,"href":"https:\/\/alvar.cl\/index.php?rest_route=%2Fwp%2Fv2%2Fproduct_cat&post=712"},{"taxonomy":"product_tag","embeddable":true,"href":"https:\/\/alvar.cl\/index.php?rest_route=%2Fwp%2Fv2%2Fproduct_tag&post=712"}],"curies":[{"name":"wp","href":"https:\/\/api.w.org\/{rel}","templated":true}]}}