{"id":716,"date":"2026-03-10T19:49:01","date_gmt":"2026-03-10T19:49:01","guid":{"rendered":"https:\/\/alvar.cl\/?post_type=product&#038;p=716"},"modified":"2026-03-10T19:49:01","modified_gmt":"2026-03-10T19:49:01","slug":"modulo-de-entrada-analogica-flexible-de-12-puntos-1794-ie12","status":"publish","type":"product","link":"https:\/\/alvar.cl\/?product=modulo-de-entrada-analogica-flexible-de-12-puntos-1794-ie12","title":{"rendered":"M\u00f3dulo de entrada anal\u00f3gica flexible de 12 puntos \/ 1794-IE12"},"content":{"rendered":"<p>El Allen-Bradley 1794-IE12 es un m\u00f3dulo de entradas anal\u00f3gicas de alta densidad perteneciente a la familia FLEX I\/O de Rockwell Automation. Este dispositivo permite la conexi\u00f3n de hasta 12 se\u00f1ales anal\u00f3gicas de un solo extremo (single-ended) para monitorear variables de proceso como presi\u00f3n, temperatura o flujo en sistemas de control industrial.<\/p>\n<h1><\/h1>\n","protected":false},"excerpt":{"rendered":"<p>El Allen-Bradley 1794-IE12 es un m\u00f3dulo de entradas anal\u00f3gicas de alta densidad perteneciente a la familia FLEX I\/O de Rockwell Automation. Este dispositivo permite la conexi\u00f3n de hasta 12 se\u00f1ales anal\u00f3gicas de un solo extremo (single-ended) para monitorear variables de proceso como presi\u00f3n, temperatura o flujo en sistemas de control industrial.<\/p>\n","protected":false},"featured_media":717,"comment_status":"closed","ping_status":"closed","template":"","meta":{"_et_pb_use_builder":"","_et_pb_old_content":"","_et_gb_content_width":""},"product_brand":[32],"product_cat":[25],"product_tag":[],"class_list":{"0":"post-716","1":"product","2":"type-product","3":"status-publish","4":"has-post-thumbnail","6":"product_brand-allen-bradley","7":"product_cat-modulo","9":"first","10":"instock","11":"shipping-taxable","12":"purchasable","13":"product-type-simple"},"_links":{"self":[{"href":"https:\/\/alvar.cl\/index.php?rest_route=\/wp\/v2\/product\/716","targetHints":{"allow":["GET"]}}],"collection":[{"href":"https:\/\/alvar.cl\/index.php?rest_route=\/wp\/v2\/product"}],"about":[{"href":"https:\/\/alvar.cl\/index.php?rest_route=\/wp\/v2\/types\/product"}],"replies":[{"embeddable":true,"href":"https:\/\/alvar.cl\/index.php?rest_route=%2Fwp%2Fv2%2Fcomments&post=716"}],"wp:featuredmedia":[{"embeddable":true,"href":"https:\/\/alvar.cl\/index.php?rest_route=\/wp\/v2\/media\/717"}],"wp:attachment":[{"href":"https:\/\/alvar.cl\/index.php?rest_route=%2Fwp%2Fv2%2Fmedia&parent=716"}],"wp:term":[{"taxonomy":"product_brand","embeddable":true,"href":"https:\/\/alvar.cl\/index.php?rest_route=%2Fwp%2Fv2%2Fproduct_brand&post=716"},{"taxonomy":"product_cat","embeddable":true,"href":"https:\/\/alvar.cl\/index.php?rest_route=%2Fwp%2Fv2%2Fproduct_cat&post=716"},{"taxonomy":"product_tag","embeddable":true,"href":"https:\/\/alvar.cl\/index.php?rest_route=%2Fwp%2Fv2%2Fproduct_tag&post=716"}],"curies":[{"name":"wp","href":"https:\/\/api.w.org\/{rel}","templated":true}]}}