{"id":720,"date":"2026-03-10T20:07:02","date_gmt":"2026-03-10T20:07:02","guid":{"rendered":"https:\/\/alvar.cl\/?post_type=product&#038;p=720"},"modified":"2026-03-10T20:07:10","modified_gmt":"2026-03-10T20:07:10","slug":"modulo-de-fuente-de-alimentacion-1794-ps3","status":"publish","type":"product","link":"https:\/\/alvar.cl\/?product=modulo-de-fuente-de-alimentacion-1794-ps3","title":{"rendered":"M\u00f3dulo de fuente de alimentaci\u00f3n \/ 1794-PS3"},"content":{"rendered":"<p>El Allen-Bradley 1794-PS3 es un m\u00f3dulo de fuente de alimentaci\u00f3n de CA a CC de alto rendimiento, dise\u00f1ado espec\u00edficamente para la serie FLEX I\/O (1794). Convierte una entrada de 85-265 V CA o 120\/230 V CA en una salida estable de 24 V CC con una corriente de hasta 3 A, ideal para entornos industriales.<\/p>\n","protected":false},"excerpt":{"rendered":"<p>El Allen-Bradley 1794-PS3 es un m\u00f3dulo de fuente de alimentaci\u00f3n de CA a CC de alto rendimiento, dise\u00f1ado espec\u00edficamente para la serie FLEX I\/O (1794). Convierte una entrada de 85-265 V CA o 120\/230 V CA en una salida estable de 24 V CC con una corriente de hasta 3 A, ideal para entornos industriales.<\/p>\n","protected":false},"featured_media":721,"comment_status":"closed","ping_status":"closed","template":"","meta":{"_et_pb_use_builder":"","_et_pb_old_content":"","_et_gb_content_width":""},"product_brand":[32],"product_cat":[37],"product_tag":[],"class_list":{"0":"post-720","1":"product","2":"type-product","3":"status-publish","4":"has-post-thumbnail","6":"product_brand-allen-bradley","7":"product_cat-fuente-de-alimentacion","9":"first","10":"instock","11":"shipping-taxable","12":"purchasable","13":"product-type-simple"},"_links":{"self":[{"href":"https:\/\/alvar.cl\/index.php?rest_route=\/wp\/v2\/product\/720","targetHints":{"allow":["GET"]}}],"collection":[{"href":"https:\/\/alvar.cl\/index.php?rest_route=\/wp\/v2\/product"}],"about":[{"href":"https:\/\/alvar.cl\/index.php?rest_route=\/wp\/v2\/types\/product"}],"replies":[{"embeddable":true,"href":"https:\/\/alvar.cl\/index.php?rest_route=%2Fwp%2Fv2%2Fcomments&post=720"}],"wp:featuredmedia":[{"embeddable":true,"href":"https:\/\/alvar.cl\/index.php?rest_route=\/wp\/v2\/media\/721"}],"wp:attachment":[{"href":"https:\/\/alvar.cl\/index.php?rest_route=%2Fwp%2Fv2%2Fmedia&parent=720"}],"wp:term":[{"taxonomy":"product_brand","embeddable":true,"href":"https:\/\/alvar.cl\/index.php?rest_route=%2Fwp%2Fv2%2Fproduct_brand&post=720"},{"taxonomy":"product_cat","embeddable":true,"href":"https:\/\/alvar.cl\/index.php?rest_route=%2Fwp%2Fv2%2Fproduct_cat&post=720"},{"taxonomy":"product_tag","embeddable":true,"href":"https:\/\/alvar.cl\/index.php?rest_route=%2Fwp%2Fv2%2Fproduct_tag&post=720"}],"curies":[{"name":"wp","href":"https:\/\/api.w.org\/{rel}","templated":true}]}}