{"id":730,"date":"2026-03-10T20:21:29","date_gmt":"2026-03-10T20:21:29","guid":{"rendered":"https:\/\/alvar.cl\/?post_type=product&#038;p=730"},"modified":"2026-03-10T20:21:36","modified_gmt":"2026-03-10T20:21:36","slug":"base-de-terminales-con-fusible-1794-tbnf-2","status":"publish","type":"product","link":"https:\/\/alvar.cl\/?product=base-de-terminales-con-fusible-1794-tbnf-2","title":{"rendered":"Base De Terminales Con Fusible \/ 1794-TBNF"},"content":{"rendered":"<p>El Allen-Bradley 1794-TBNF es una unidad de base de terminales con fusibles incorporados perteneciente a la plataforma FLEX I\/O de Rockwell Automation, dise\u00f1ada para proporcionar conexiones seguras y protecci\u00f3n de circuitos en sistemas de automatizaci\u00f3n industrial.<\/p>\n","protected":false},"excerpt":{"rendered":"<p>El Allen-Bradley 1794-TBNF es una unidad de base de terminales con fusibles incorporados perteneciente a la plataforma FLEX I\/O de Rockwell Automation, dise\u00f1ada para proporcionar conexiones seguras y protecci\u00f3n de circuitos en sistemas de automatizaci\u00f3n industrial.<\/p>\n","protected":false},"featured_media":731,"comment_status":"closed","ping_status":"closed","template":"","meta":{"_et_pb_use_builder":"","_et_pb_old_content":"","_et_gb_content_width":""},"product_brand":[32],"product_cat":[39],"product_tag":[],"class_list":{"0":"post-730","1":"product","2":"type-product","3":"status-publish","4":"has-post-thumbnail","6":"product_brand-allen-bradley","7":"product_cat-terminal","9":"first","10":"instock","11":"shipping-taxable","12":"purchasable","13":"product-type-simple"},"_links":{"self":[{"href":"https:\/\/alvar.cl\/index.php?rest_route=\/wp\/v2\/product\/730","targetHints":{"allow":["GET"]}}],"collection":[{"href":"https:\/\/alvar.cl\/index.php?rest_route=\/wp\/v2\/product"}],"about":[{"href":"https:\/\/alvar.cl\/index.php?rest_route=\/wp\/v2\/types\/product"}],"replies":[{"embeddable":true,"href":"https:\/\/alvar.cl\/index.php?rest_route=%2Fwp%2Fv2%2Fcomments&post=730"}],"wp:featuredmedia":[{"embeddable":true,"href":"https:\/\/alvar.cl\/index.php?rest_route=\/wp\/v2\/media\/731"}],"wp:attachment":[{"href":"https:\/\/alvar.cl\/index.php?rest_route=%2Fwp%2Fv2%2Fmedia&parent=730"}],"wp:term":[{"taxonomy":"product_brand","embeddable":true,"href":"https:\/\/alvar.cl\/index.php?rest_route=%2Fwp%2Fv2%2Fproduct_brand&post=730"},{"taxonomy":"product_cat","embeddable":true,"href":"https:\/\/alvar.cl\/index.php?rest_route=%2Fwp%2Fv2%2Fproduct_cat&post=730"},{"taxonomy":"product_tag","embeddable":true,"href":"https:\/\/alvar.cl\/index.php?rest_route=%2Fwp%2Fv2%2Fproduct_tag&post=730"}],"curies":[{"name":"wp","href":"https:\/\/api.w.org\/{rel}","templated":true}]}}