{"id":734,"date":"2026-03-11T18:18:58","date_gmt":"2026-03-11T18:18:58","guid":{"rendered":"https:\/\/alvar.cl\/?post_type=product&#038;p=734"},"modified":"2026-03-11T18:18:58","modified_gmt":"2026-03-11T18:18:58","slug":"terminal-base-units-1794-tb3s","status":"publish","type":"product","link":"https:\/\/alvar.cl\/?product=terminal-base-units-1794-tb3s","title":{"rendered":"Terminal Base Units \/ 1794-tb3s"},"content":{"rendered":"<p>La base de terminales Allen-Bradley 1794-TB3S es un componente de E\/S distribuidas para m\u00f3dulos FLEX I\/O, dise\u00f1ado con 36 puntos de conexi\u00f3n y abrazaderas de resorte (spring-clamp) para una instalaci\u00f3n r\u00e1pida y segura. Funciona a 125 V, es ideal para paneles compactos y se monta en riel DIN, permitiendo el cableado de 3 hilos.<\/p>\n","protected":false},"excerpt":{"rendered":"<p>La base de terminales Allen-Bradley 1794-TB3S es un componente de E\/S distribuidas para m\u00f3dulos FLEX I\/O, dise\u00f1ado con 36 puntos de conexi\u00f3n y abrazaderas de resorte (spring-clamp) para una instalaci\u00f3n r\u00e1pida y segura. Funciona a 125 V, es ideal para paneles compactos y se monta en riel DIN, permitiendo el cableado de 3 hilos.<\/p>\n","protected":false},"featured_media":735,"comment_status":"closed","ping_status":"closed","template":"","meta":{"_et_pb_use_builder":"","_et_pb_old_content":"","_et_gb_content_width":""},"product_brand":[32],"product_cat":[39],"product_tag":[],"class_list":{"0":"post-734","1":"product","2":"type-product","3":"status-publish","4":"has-post-thumbnail","6":"product_brand-allen-bradley","7":"product_cat-terminal","9":"first","10":"instock","11":"shipping-taxable","12":"purchasable","13":"product-type-simple"},"_links":{"self":[{"href":"https:\/\/alvar.cl\/index.php?rest_route=\/wp\/v2\/product\/734","targetHints":{"allow":["GET"]}}],"collection":[{"href":"https:\/\/alvar.cl\/index.php?rest_route=\/wp\/v2\/product"}],"about":[{"href":"https:\/\/alvar.cl\/index.php?rest_route=\/wp\/v2\/types\/product"}],"replies":[{"embeddable":true,"href":"https:\/\/alvar.cl\/index.php?rest_route=%2Fwp%2Fv2%2Fcomments&post=734"}],"wp:featuredmedia":[{"embeddable":true,"href":"https:\/\/alvar.cl\/index.php?rest_route=\/wp\/v2\/media\/735"}],"wp:attachment":[{"href":"https:\/\/alvar.cl\/index.php?rest_route=%2Fwp%2Fv2%2Fmedia&parent=734"}],"wp:term":[{"taxonomy":"product_brand","embeddable":true,"href":"https:\/\/alvar.cl\/index.php?rest_route=%2Fwp%2Fv2%2Fproduct_brand&post=734"},{"taxonomy":"product_cat","embeddable":true,"href":"https:\/\/alvar.cl\/index.php?rest_route=%2Fwp%2Fv2%2Fproduct_cat&post=734"},{"taxonomy":"product_tag","embeddable":true,"href":"https:\/\/alvar.cl\/index.php?rest_route=%2Fwp%2Fv2%2Fproduct_tag&post=734"}],"curies":[{"name":"wp","href":"https:\/\/api.w.org\/{rel}","templated":true}]}}