{"id":746,"date":"2026-03-12T18:50:47","date_gmt":"2026-03-12T18:50:47","guid":{"rendered":"https:\/\/alvar.cl\/?post_type=product&#038;p=746"},"modified":"2026-03-12T18:50:47","modified_gmt":"2026-03-12T18:50:47","slug":"adaptador-flex-ethernet-ip-1794-aentr-2","status":"publish","type":"product","link":"https:\/\/alvar.cl\/?product=adaptador-flex-ethernet-ip-1794-aentr-2","title":{"rendered":"Adaptador Flex EtherNet \/ IP \/ 1794-AENTR"},"content":{"rendered":"<p>El 1794-AENTR de Allen-Bradley es un adaptador de comunicaci\u00f3n de doble puerto EtherNet\/IP dise\u00f1ado espec\u00edficamente para el sistema de m\u00f3dulos FLEX I\/O de Rockwell Automation. Su funci\u00f3n principal es actuar como la interfaz que conecta hasta 8 m\u00f3dulos de entrada\/salida FLEX con una red Ethernet industrial.<\/p>\n","protected":false},"excerpt":{"rendered":"<p>El 1794-AENTR de Allen-Bradley es un adaptador de comunicaci\u00f3n de doble puerto EtherNet\/IP dise\u00f1ado espec\u00edficamente para el sistema de m\u00f3dulos FLEX I\/O de Rockwell Automation. Su funci\u00f3n principal es actuar como la interfaz que conecta hasta 8 m\u00f3dulos de entrada\/salida FLEX con una red Ethernet industrial.<\/p>\n","protected":false},"featured_media":747,"comment_status":"closed","ping_status":"closed","template":"","meta":{"_et_pb_use_builder":"","_et_pb_old_content":"","_et_gb_content_width":""},"product_brand":[32],"product_cat":[38],"product_tag":[],"class_list":{"0":"post-746","1":"product","2":"type-product","3":"status-publish","4":"has-post-thumbnail","6":"product_brand-allen-bradley","7":"product_cat-adaptador-de-comunicacion","9":"first","10":"instock","11":"shipping-taxable","12":"purchasable","13":"product-type-simple"},"_links":{"self":[{"href":"https:\/\/alvar.cl\/index.php?rest_route=\/wp\/v2\/product\/746","targetHints":{"allow":["GET"]}}],"collection":[{"href":"https:\/\/alvar.cl\/index.php?rest_route=\/wp\/v2\/product"}],"about":[{"href":"https:\/\/alvar.cl\/index.php?rest_route=\/wp\/v2\/types\/product"}],"replies":[{"embeddable":true,"href":"https:\/\/alvar.cl\/index.php?rest_route=%2Fwp%2Fv2%2Fcomments&post=746"}],"wp:featuredmedia":[{"embeddable":true,"href":"https:\/\/alvar.cl\/index.php?rest_route=\/wp\/v2\/media\/747"}],"wp:attachment":[{"href":"https:\/\/alvar.cl\/index.php?rest_route=%2Fwp%2Fv2%2Fmedia&parent=746"}],"wp:term":[{"taxonomy":"product_brand","embeddable":true,"href":"https:\/\/alvar.cl\/index.php?rest_route=%2Fwp%2Fv2%2Fproduct_brand&post=746"},{"taxonomy":"product_cat","embeddable":true,"href":"https:\/\/alvar.cl\/index.php?rest_route=%2Fwp%2Fv2%2Fproduct_cat&post=746"},{"taxonomy":"product_tag","embeddable":true,"href":"https:\/\/alvar.cl\/index.php?rest_route=%2Fwp%2Fv2%2Fproduct_tag&post=746"}],"curies":[{"name":"wp","href":"https:\/\/api.w.org\/{rel}","templated":true}]}}