{"id":750,"date":"2026-03-12T18:56:17","date_gmt":"2026-03-12T18:56:17","guid":{"rendered":"https:\/\/alvar.cl\/?post_type=product&#038;p=750"},"modified":"2026-03-12T18:56:18","modified_gmt":"2026-03-12T18:56:18","slug":"unidad-base-de-terminales-de-32-puntos-disenada-para-el-sistema-1794-tb32s","status":"publish","type":"product","link":"https:\/\/alvar.cl\/?product=unidad-base-de-terminales-de-32-puntos-disenada-para-el-sistema-1794-tb32s","title":{"rendered":"Unidad base de terminales de 32 puntos dise\u00f1ada para el sistema \/ 1794-TB32S"},"content":{"rendered":"<p>El 1794-TB32S de Allen-Bradley es una unidad base de terminales de 32 puntos dise\u00f1ada para el sistema FLEX I\/O de Rockwell Automation. Su caracter\u00edstica principal es el uso de abrazaderas de resorte (spring clamps), lo que permite una instalaci\u00f3n de cableado m\u00e1s r\u00e1pida, segura y sin herramientas en comparaci\u00f3n con las versiones de tornillo.<\/p>\n","protected":false},"excerpt":{"rendered":"<p>El 1794-TB32S de Allen-Bradley es una unidad base de terminales de 32 puntos dise\u00f1ada para el sistema FLEX I\/O de Rockwell Automation. Su caracter\u00edstica principal es el uso de abrazaderas de resorte (spring clamps), lo que permite una instalaci\u00f3n de cableado m\u00e1s r\u00e1pida, segura y sin herramientas en comparaci\u00f3n con las versiones de tornillo.<\/p>\n","protected":false},"featured_media":751,"comment_status":"closed","ping_status":"closed","template":"","meta":{"_et_pb_use_builder":"","_et_pb_old_content":"","_et_gb_content_width":""},"product_brand":[32],"product_cat":[39],"product_tag":[],"class_list":{"0":"post-750","1":"product","2":"type-product","3":"status-publish","4":"has-post-thumbnail","6":"product_brand-allen-bradley","7":"product_cat-terminal","9":"first","10":"instock","11":"shipping-taxable","12":"purchasable","13":"product-type-simple"},"_links":{"self":[{"href":"https:\/\/alvar.cl\/index.php?rest_route=\/wp\/v2\/product\/750","targetHints":{"allow":["GET"]}}],"collection":[{"href":"https:\/\/alvar.cl\/index.php?rest_route=\/wp\/v2\/product"}],"about":[{"href":"https:\/\/alvar.cl\/index.php?rest_route=\/wp\/v2\/types\/product"}],"replies":[{"embeddable":true,"href":"https:\/\/alvar.cl\/index.php?rest_route=%2Fwp%2Fv2%2Fcomments&post=750"}],"wp:featuredmedia":[{"embeddable":true,"href":"https:\/\/alvar.cl\/index.php?rest_route=\/wp\/v2\/media\/751"}],"wp:attachment":[{"href":"https:\/\/alvar.cl\/index.php?rest_route=%2Fwp%2Fv2%2Fmedia&parent=750"}],"wp:term":[{"taxonomy":"product_brand","embeddable":true,"href":"https:\/\/alvar.cl\/index.php?rest_route=%2Fwp%2Fv2%2Fproduct_brand&post=750"},{"taxonomy":"product_cat","embeddable":true,"href":"https:\/\/alvar.cl\/index.php?rest_route=%2Fwp%2Fv2%2Fproduct_cat&post=750"},{"taxonomy":"product_tag","embeddable":true,"href":"https:\/\/alvar.cl\/index.php?rest_route=%2Fwp%2Fv2%2Fproduct_tag&post=750"}],"curies":[{"name":"wp","href":"https:\/\/api.w.org\/{rel}","templated":true}]}}